{"id":787,"date":"2018-06-29T17:10:30","date_gmt":"2018-06-29T20:10:30","guid":{"rendered":"https:\/\/isfd167-bue.infd.edu.ar\/sitio\/tecnicatura-superior-en-acompanamiento-terapeutico\/"},"modified":"2023-02-09T11:51:07","modified_gmt":"2023-02-09T14:51:07","slug":"tecnicatura-superior-en-acompanamiento-terapeutico","status":"publish","type":"page","link":"https:\/\/isfd167-bue.infd.edu.ar\/sitio\/oferta-academica\/tecnicaturas\/tecnicatura-superior-en-acompanamiento-terapeutico\/","title":{"rendered":"Tecnicatura Superior en Acompa\u00f1amiento Terap\u00e9utico"},"content":{"rendered":"\n<figure class=\"wp-block-gallery has-nested-images columns-default is-cropped wp-block-gallery-1 is-layout-flex\">\n<figure class=\"wp-block-image size-large\"><img decoding=\"async\" loading=\"lazy\" width=\"1748\" height=\"1240\" data-id=\"1136\"  src=\"https:\/\/isfd167-bue.infd.edu.ar\/sitio\/wp-content\/uploads\/2023\/02\/Muestra-de-Practicas-AT.png\" alt=\"\" class=\"wp-image-1136\" srcset=\"https:\/\/isfd167-bue.infd.edu.ar\/sitio\/wp-content\/uploads\/2023\/02\/Muestra-de-Practicas-AT.png 1748w, https:\/\/isfd167-bue.infd.edu.ar\/sitio\/wp-content\/uploads\/2023\/02\/Muestra-de-Practicas-AT-1000x709.png 1000w, https:\/\/isfd167-bue.infd.edu.ar\/sitio\/wp-content\/uploads\/2023\/02\/Muestra-de-Practicas-AT-768x545.png 768w, https:\/\/isfd167-bue.infd.edu.ar\/sitio\/wp-content\/uploads\/2023\/02\/Muestra-de-Practicas-AT-1536x1090.png 1536w\" sizes=\"(max-width: 1748px) 100vw, 1748px\" \/><\/figure>\n<\/figure>\n\n\n\n<ul>\n<li>Duraci\u00f3n: 3 a\u00f1os. <\/li>\n\n\n\n<li>Al acreditar el primer a\u00f1o de la formaci\u00f3n recibe el t\u00edtulo intermedio de <strong>Acompa\u00f1ante Terap\u00e9utico.<\/strong><\/li>\n<\/ul>\n\n\n\n<pre class=\"wp-block-preformatted\">La Tecnicatura Superior en Acompa\u00f1amiento Terap\u00e9utico permitir\u00e1 formar personal capacitado para desempe\u00f1arse en el campo de la salud mental, conjuntamente con otros profesionales, en particular con otros acompa\u00f1antes terap\u00e9uticos, con el prop\u00f3sito de favorecer el tratamiento ambulatorio de las personas con padecimiento mental.\r\n\r\nLa formaci\u00f3n se centrar\u00e1 en la adquisici\u00f3n de estrategias que favorezcan la inserci\u00f3n social, la autonom\u00eda personal, evite las internaciones innecesarias y\/o reduzca los periodos de las mismas en caso de ser requeridas, en el marco del trabajo de un equipo interdisciplinario.\r\n\r\n<strong>El T\u00e9cnico Superior en Acompa\u00f1amiento Terap\u00e9utico:<\/strong>\n\r\n- Asesora y orienta al Acompa\u00f1ante Terap\u00e9utico durante la asistencia a la persona con padecimiento mental y trata de que se fortalezcan y protejan las redes vinculares del paciente, como tambi\u00e9n, procura su reinserci\u00f3n plena en el \u00e1mbito familiar, comunitario y social.\r\n- Realiza acciones consensuadas con el equipo en el que se incluye, con la finalidad de coordinar la tarea del\/los acompa\u00f1ante\/s terap\u00e9utico\/s a partir de la indicaci\u00f3n de un profesional de la salud\/salud mental, acordes con las estrategias terap\u00e9uticas que dicho equipo implemente.\r\n\r\n<strong>Desarrolla su ejercicio profesional en los siguientes \u00e1mbitos: \n\r<\/strong>\n- Instituciones de salud y\/o educaci\u00f3n. Instituciones de atenci\u00f3n de la salud mental  y adicciones con o sin dispositivo de internaci\u00f3n.\r\n- Residenciales (geri\u00e1tricos, hogares de ni\u00f1os y adolescentes), Centro Educativo Terap\u00e9utico, Hospitales y Centros de D\u00eda. Centros de asistencia en cat\u00e1strofes. Casas de medio camino y dispositivos de convivencia con distintos niveles de apoyo. Hogar del paciente.\r-\n- Centros de tratamiento de patolog\u00edas de consumo y adicciones.\r\n- Otros dispositivos en las intervenciones en los espacios comunitarios, judicial y forense.\r\n<\/pre>\n\n\n\n<figure class=\"wp-block-gallery has-nested-images columns-default is-cropped wp-block-gallery-3 is-layout-flex\">\n<figure class=\"wp-block-image size-large\"><img decoding=\"async\" loading=\"lazy\" width=\"1748\" height=\"1240\" data-id=\"1134\"  src=\"https:\/\/isfd167-bue.infd.edu.ar\/sitio\/wp-content\/uploads\/2023\/02\/Jornadas-AT.-Mes-de-Salud-Mental.png\" alt=\"\" class=\"wp-image-1134\" srcset=\"https:\/\/isfd167-bue.infd.edu.ar\/sitio\/wp-content\/uploads\/2023\/02\/Jornadas-AT.-Mes-de-Salud-Mental.png 1748w, https:\/\/isfd167-bue.infd.edu.ar\/sitio\/wp-content\/uploads\/2023\/02\/Jornadas-AT.-Mes-de-Salud-Mental-1000x709.png 1000w, https:\/\/isfd167-bue.infd.edu.ar\/sitio\/wp-content\/uploads\/2023\/02\/Jornadas-AT.-Mes-de-Salud-Mental-768x545.png 768w, https:\/\/isfd167-bue.infd.edu.ar\/sitio\/wp-content\/uploads\/2023\/02\/Jornadas-AT.-Mes-de-Salud-Mental-1536x1090.png 1536w\" sizes=\"(max-width: 1748px) 100vw, 1748px\" \/><\/figure>\n\n\n\n<figure class=\"wp-block-image size-large\"><img decoding=\"async\" loading=\"lazy\" width=\"1748\" height=\"1240\" data-id=\"1133\"  src=\"https:\/\/isfd167-bue.infd.edu.ar\/sitio\/wp-content\/uploads\/2023\/02\/Jornadas-de-AT-Mes-de-Salud-Mental.png\" alt=\"\" class=\"wp-image-1133\" srcset=\"https:\/\/isfd167-bue.infd.edu.ar\/sitio\/wp-content\/uploads\/2023\/02\/Jornadas-de-AT-Mes-de-Salud-Mental.png 1748w, https:\/\/isfd167-bue.infd.edu.ar\/sitio\/wp-content\/uploads\/2023\/02\/Jornadas-de-AT-Mes-de-Salud-Mental-1000x709.png 1000w, https:\/\/isfd167-bue.infd.edu.ar\/sitio\/wp-content\/uploads\/2023\/02\/Jornadas-de-AT-Mes-de-Salud-Mental-768x545.png 768w, https:\/\/isfd167-bue.infd.edu.ar\/sitio\/wp-content\/uploads\/2023\/02\/Jornadas-de-AT-Mes-de-Salud-Mental-1536x1090.png 1536w\" sizes=\"(max-width: 1748px) 100vw, 1748px\" \/><\/figure>\n<\/figure>\n\n\n\n<h2 class=\"has-text-align-center wp-block-heading\">Materias de la propuesta<\/h2>\n\n\n\n<div class=\"wp-block-columns is-layout-flex wp-container-8\">\n<div class=\"wp-block-column is-layout-flow\">\n<p><\/p>\n\n\n\n<h2 class=\"wp-block-heading\">Primer a\u00f1o<\/h2>\n\n\n\n<p>Salud P\u00fablica y Salud Mental<\/p>\n\n\n\n<p>Contextualizaci\u00f3n del Campo Profesional del Acompa\u00f1amiento Terap\u00e9utico<\/p>\n\n\n\n<p>Principios M\u00e9dicos y de Psicofarmacolog\u00eda<\/p>\n\n\n\n<p>Fundamentos de Psicolog\u00eda General y de Intervenci\u00f3n Sociocomunitaria<\/p>\n\n\n\n<p>Psicolog\u00eda de los Ciclos Vitales<\/p>\n\n\n\n<p>Psicopatolog\u00eda<\/p>\n\n\n\n<p>Modalidades de Intervenci\u00f3n en el Acompa\u00f1amiento Terap\u00e9utico<\/p>\n\n\n\n<p>Pr\u00e1cticas Profesionalizantes 1<\/p>\n<\/div>\n\n\n\n<div class=\"wp-block-column is-layout-flow\">\n<p><\/p>\n\n\n\n<h2 class=\"wp-block-heading\">Segundo a\u00f1o<\/h2>\n\n\n\n<p>Investigaci\u00f3n en Salud<\/p>\n\n\n\n<p>Modelo de Ocupaci\u00f3n Humana<\/p>\n\n\n\n<p>\u00c9tica&nbsp;<\/p>\n\n\n\n<p>Acompa\u00f1amiento Terap\u00e9utico<\/p>\n\n\n\n<p>Psicolog\u00eda de Grupos<\/p>\n\n\n\n<p>Sistemas Familiares<\/p>\n\n\n\n<p>Psicofarmacolog\u00eda<\/p>\n\n\n\n<p>Pr\u00e1cticas Profesionalizantes 2<\/p>\n<\/div>\n\n\n\n<div class=\"wp-block-column is-layout-flow\">\n<p><\/p>\n\n\n\n<h2 class=\"wp-block-heading\">Tercer a\u00f1o<\/h2>\n\n\n\n<p>Ingl\u00e9s<\/p>\n\n\n\n<p>Organizaci\u00f3n y Gesti\u00f3n de los Servicios de Salud Mental<\/p>\n\n\n\n<p>Intervenci\u00f3n Comunitaria y Recursos Sociales<\/p>\n\n\n\n<p>Acompa\u00f1amiento Terap\u00e9utico en la Ni\u00f1ez y Adolescencia<\/p>\n\n\n\n<p>Acompa\u00f1amiento Terap\u00e9utico del Adulto y Adulto Mayor<\/p>\n\n\n\n<p>Pr\u00e1cticas Profesionalizantes 3<\/p>\n<\/div>\n<\/div>\n\n\n\n<div class=\"wp-block-file\"><object class=\"wp-block-file__embed\" data=\"https:\/\/isfd167-bue.infd.edu.ar\/sitio\/wp-content\/uploads\/2023\/02\/TS-en-Acompanamiento-Terapeutico-Res.-1221_15_compressed-1.pdf\" type=\"application\/pdf\" style=\"width:100%;height:600px\" aria-label=\"Incrustado de TS en Acompa\u00f1amiento Terap\u00e9utico - Res. 1221_15.\"><\/object><a id=\"wp-block-file--media-f3008d1a-ec5b-455c-9cf1-46cacda0837d\" href=\"https:\/\/isfd167-bue.infd.edu.ar\/sitio\/wp-content\/uploads\/2023\/02\/TS-en-Acompanamiento-Terapeutico-Res.-1221_15_compressed-1.pdf\">TS en Acompa\u00f1amiento Terap\u00e9utico &#8211; Res. 1221_15<\/a><a href=\"https:\/\/isfd167-bue.infd.edu.ar\/sitio\/wp-content\/uploads\/2023\/02\/TS-en-Acompanamiento-Terapeutico-Res.-1221_15_compressed-1.pdf\" class=\"wp-block-file__button wp-element-button\" download aria-describedby=\"wp-block-file--media-f3008d1a-ec5b-455c-9cf1-46cacda0837d\">Descarga<\/a><\/div>\n","protected":false},"excerpt":{"rendered":"<p>La Tecnicatura Superior en Acompa\u00f1amiento Terap\u00e9utico permitir\u00e1 formar personal capacitado para desempe\u00f1arse en el campo de la salud mental, conjuntamente con otros profesionales, en particular con otros acompa\u00f1antes terap\u00e9uticos, con el prop\u00f3sito de favorecer el tratamiento ambulatorio de las personas con padecimiento mental. La formaci\u00f3n se centrar\u00e1 en la adquisici\u00f3n de estrategias que favorezcan la &#8230; <a title=\"Tecnicatura Superior en Acompa\u00f1amiento Terap\u00e9utico\" class=\"read-more\" href=\"https:\/\/isfd167-bue.infd.edu.ar\/sitio\/oferta-academica\/tecnicaturas\/tecnicatura-superior-en-acompanamiento-terapeutico\/\" aria-label=\"More on Tecnicatura Superior en Acompa\u00f1amiento Terap\u00e9utico\">[+]<\/a><\/p>\n","protected":false},"author":400,"featured_media":0,"parent":750,"menu_order":0,"comment_status":"closed","ping_status":"closed","template":"","meta":[],"acf":[],"_links":{"self":[{"href":"https:\/\/isfd167-bue.infd.edu.ar\/sitio\/wp-json\/wp\/v2\/pages\/787"}],"collection":[{"href":"https:\/\/isfd167-bue.infd.edu.ar\/sitio\/wp-json\/wp\/v2\/pages"}],"about":[{"href":"https:\/\/isfd167-bue.infd.edu.ar\/sitio\/wp-json\/wp\/v2\/types\/page"}],"author":[{"embeddable":true,"href":"https:\/\/isfd167-bue.infd.edu.ar\/sitio\/wp-json\/wp\/v2\/users\/400"}],"replies":[{"embeddable":true,"href":"https:\/\/isfd167-bue.infd.edu.ar\/sitio\/wp-json\/wp\/v2\/comments?post=787"}],"version-history":[{"count":8,"href":"https:\/\/isfd167-bue.infd.edu.ar\/sitio\/wp-json\/wp\/v2\/pages\/787\/revisions"}],"predecessor-version":[{"id":1139,"href":"https:\/\/isfd167-bue.infd.edu.ar\/sitio\/wp-json\/wp\/v2\/pages\/787\/revisions\/1139"}],"up":[{"embeddable":true,"href":"https:\/\/isfd167-bue.infd.edu.ar\/sitio\/wp-json\/wp\/v2\/pages\/750"}],"wp:attachment":[{"href":"https:\/\/isfd167-bue.infd.edu.ar\/sitio\/wp-json\/wp\/v2\/media?parent=787"}],"curies":[{"name":"wp","href":"https:\/\/api.w.org\/{rel}","templated":true}]}}