{"id":772,"date":"2018-06-29T17:10:24","date_gmt":"2018-06-29T20:10:24","guid":{"rendered":"https:\/\/isfd167-bue.infd.edu.ar\/sitio\/profesorado-de-educacion-secundaria-en-geografia\/"},"modified":"2023-03-14T08:41:10","modified_gmt":"2023-03-14T11:41:10","slug":"profesorado-de-educacion-secundaria-en-geografia","status":"publish","type":"page","link":"https:\/\/isfd167-bue.infd.edu.ar\/sitio\/oferta-academica\/profesorados\/profesorado-de-educacion-secundaria-en-geografia\/","title":{"rendered":"Profesorado de Educaci\u00f3n Secundaria en Geograf\u00eda"},"content":{"rendered":"\n<p>Duraci\u00f3n: 4 a\u00f1os<\/p>\n\n\n\n<div class=\"wp-block-cover\"><span aria-hidden=\"true\" class=\"wp-block-cover__background has-background-dim\"><\/span><img decoding=\"async\" loading=\"lazy\" width=\"1600\" height=\"900\" class=\"wp-block-cover__image-background wp-image-1342\" alt=\"\" src=\"https:\/\/isfd167-bue.infd.edu.ar\/sitio\/wp-content\/uploads\/2023\/03\/WhatsApp-Image-2022-12-20-at-12.27.14.jpeg\" data-object-fit=\"cover\" srcset=\"https:\/\/isfd167-bue.infd.edu.ar\/sitio\/wp-content\/uploads\/2023\/03\/WhatsApp-Image-2022-12-20-at-12.27.14.jpeg 1600w, https:\/\/isfd167-bue.infd.edu.ar\/sitio\/wp-content\/uploads\/2023\/03\/WhatsApp-Image-2022-12-20-at-12.27.14-1000x563.jpeg 1000w, https:\/\/isfd167-bue.infd.edu.ar\/sitio\/wp-content\/uploads\/2023\/03\/WhatsApp-Image-2022-12-20-at-12.27.14-768x432.jpeg 768w, https:\/\/isfd167-bue.infd.edu.ar\/sitio\/wp-content\/uploads\/2023\/03\/WhatsApp-Image-2022-12-20-at-12.27.14-1536x864.jpeg 1536w\" sizes=\"(max-width: 1600px) 100vw, 1600px\" \/><div class=\"wp-block-cover__inner-container\">\n<p><\/p>\n\n\n\n<p><\/p>\n\n\n\n<p><\/p>\n\n\n\n<p><\/p>\n\n\n\n<p><\/p>\n\n\n\n<p><\/p>\n\n\n\n<p><\/p>\n\n\n\n<p><\/p>\n\n\n\n<p class=\"has-text-align-center has-large-font-size\">Estudiantes de los profesorados en Historia y Geograf\u00eda a punto de partir hacia CABA con estudiantes de 6\u00b0 ES. 2022<\/p>\n<\/div><\/div>\n\n\n\n<figure class=\"wp-block-image size-full\"><img decoding=\"async\" loading=\"lazy\" width=\"1600\" height=\"1200\" src=\"https:\/\/isfd167-bue.infd.edu.ar\/sitio\/wp-content\/uploads\/2023\/03\/WhatsApp-Image-2022-12-20-at-12.43.09-1.jpeg\" alt=\"\" class=\"wp-image-1344\" srcset=\"https:\/\/isfd167-bue.infd.edu.ar\/sitio\/wp-content\/uploads\/2023\/03\/WhatsApp-Image-2022-12-20-at-12.43.09-1.jpeg 1600w, https:\/\/isfd167-bue.infd.edu.ar\/sitio\/wp-content\/uploads\/2023\/03\/WhatsApp-Image-2022-12-20-at-12.43.09-1-1000x750.jpeg 1000w, https:\/\/isfd167-bue.infd.edu.ar\/sitio\/wp-content\/uploads\/2023\/03\/WhatsApp-Image-2022-12-20-at-12.43.09-1-768x576.jpeg 768w, https:\/\/isfd167-bue.infd.edu.ar\/sitio\/wp-content\/uploads\/2023\/03\/WhatsApp-Image-2022-12-20-at-12.43.09-1-1536x1152.jpeg 1536w\" sizes=\"(max-width: 1600px) 100vw, 1600px\" \/><\/figure>\n\n\n\n<p>La carrera tiene la finalidad de formar docentes comprometidos con la igualdad y la garant\u00eda del derecho social a la educaci\u00f3n desde la confianza de que todas y todos pueden aprender afianzando la creciente autonom\u00eda de las y los estudiantes.<\/p>\n\n\n\n<p>Se trabaja en la formaci\u00f3n de profesoras y profesores que:<br>\u25cf se consideren parte de un proceso social de trasmisi\u00f3n de las culturas en di\u00e1logo con las transformaciones sociales contempor\u00e1neas,<br>\u25cf lean su contexto a partir de las construcciones pol\u00edticas, culturales y pedag\u00f3gicas desde Am\u00e9rica Latina, Argentina, y la provincia de Buenos Aires para interrogarse, intervenir, ense\u00f1ar, transformar(se) y<br>\u25cf asuman la centralidad de la ense\u00f1anza como condici\u00f3n ineludible que posibilita abordar y resolver los problemas de la transmisi\u00f3n y el acceso democr\u00e1tico a los conocimientos.<\/p>\n\n\n\n<p>\u25cf Reconozcan el trabajo docente desde la comprensi\u00f3n de los procesos hist\u00f3ricos pol\u00edticos, sociales, culturales y pedag\u00f3gicos producidos y\/o significados desde Am\u00e9rica Latina, Argentina y la Provincia de Buenos Aires.<br>\u25cf Asuman el trabajo docente como una pr\u00e1ctica social transformadora, y al conocimiento cient\u00edfico como herramienta necesaria para comprender y transformar la realidad social.<br>\u25cf Sostengan un posicionamiento pol\u00edtico-pedag\u00f3gico que les permita desarrollar diferentes actividades colaborativas, orientadas a aprender y a pensar sobre problemas territoriales-ambientales, y a buscar alternativas de soluci\u00f3n con otros.<br>\u25cf Otorguen particular valor a la coherencia entre la postura epistemol\u00f3gica disciplinar y su pr\u00e1ctica en el aula, integrando la teor\u00eda y la pr\u00e1ctica desde un posicionamiento cr\u00edtico y reflexivo.<br>\u25cf Consideren con sentido \u00e9tico y pol\u00edtico la ense\u00f1anza de la geograf\u00eda desde un posicionamiento como ciencia social.<br>\u25cf Analicen los problemas territoriales desde la interseccionalidad entre las perspectivas latinoamericana, de g\u00e9nero, ambiental e intercultural.<br>\u25cf Problematicen la construcci\u00f3n de los contenidos de ense\u00f1anza de la Geograf\u00eda entramada con las perspectivas de g\u00e9nero, ambiental y la cultura digital.<\/p>\n\n\n\n<p>\u25cfComprendan los problemas territoriales derivados de la interacci\u00f3n entre la sociedad y la naturaleza, en diversas relaciones escalares -local-global-local- desde la mirada de Am\u00e9rica Latina como lugar de enunciaci\u00f3n.<br>\u25cf Problematicen la realidad social y construyan recortes para la ense\u00f1anza, identifiquen y jerarquicen contenidos, elaboren estrategias metodol\u00f3gicas y seleccionen materiales did\u00e1cticos para la ense\u00f1anza de la Geograf\u00eda.<\/p>\n\n\n\n<p>\u25cf Seleccionen y utilicen tecnolog\u00edas espec\u00edficas para el abordaje del espacio geogr\u00e1fico de manera contextualizada y actualizada.<br>\u25cf Participen activamente en la construcci\u00f3n de propuestas de ense\u00f1anza de la Geograf\u00eda que se integren a proyectos institucionales y promuevan espacios de di\u00e1logos entre campos, \u00e1reas y disciplinas.<br>\u25cf Conformen redes de trabajo que contribuyan al fortalecimiento de las relaciones intrainstitucionales a partir de la producci\u00f3n e  intercambio de conocimientos y experiencias desde la Geograf\u00eda<\/p>\n\n\n\n<p><\/p>\n\n\n\n<p class=\"has-text-align-center\"><span style=\"font-family: verdana,geneva;\">Plan de Estudios<\/span><\/p>\n\n\n\n<div class=\"wp-block-file\"><object class=\"wp-block-file__embed\" data=\"https:\/\/isfd167-bue.infd.edu.ar\/sitio\/wp-content\/uploads\/2023\/03\/Diseno-curricular-geografia.pdf\" type=\"application\/pdf\" style=\"width:100%;height:600px\" aria-label=\"Incrustado de Diseno-curricular-geografia.\"><\/object><a id=\"wp-block-file--media-dcb4ecf0-4e37-4c05-b2dc-7e99528677ab\" href=\"https:\/\/isfd167-bue.infd.edu.ar\/sitio\/wp-content\/uploads\/2023\/03\/Diseno-curricular-geografia.pdf\">Diseno-curricular-geografia<\/a><a href=\"https:\/\/isfd167-bue.infd.edu.ar\/sitio\/wp-content\/uploads\/2023\/03\/Diseno-curricular-geografia.pdf\" class=\"wp-block-file__button wp-element-button\" download aria-describedby=\"wp-block-file--media-dcb4ecf0-4e37-4c05-b2dc-7e99528677ab\">Descarga<\/a><\/div>\n","protected":false},"excerpt":{"rendered":"<p>Duraci\u00f3n: 4 a\u00f1os La carrera tiene la finalidad de formar docentes comprometidos con la igualdad y la garant\u00eda del derecho social a la educaci\u00f3n desde la confianza de que todas y todos pueden aprender afianzando la creciente autonom\u00eda de las y los estudiantes. Se trabaja en la formaci\u00f3n de profesoras y profesores que:\u25cf se consideren &#8230; <a title=\"Profesorado de Educaci\u00f3n Secundaria en Geograf\u00eda\" class=\"read-more\" href=\"https:\/\/isfd167-bue.infd.edu.ar\/sitio\/oferta-academica\/profesorados\/profesorado-de-educacion-secundaria-en-geografia\/\" aria-label=\"More on Profesorado de Educaci\u00f3n Secundaria en Geograf\u00eda\">[+]<\/a><\/p>\n","protected":false},"author":400,"featured_media":0,"parent":748,"menu_order":0,"comment_status":"closed","ping_status":"closed","template":"","meta":[],"acf":[],"_links":{"self":[{"href":"https:\/\/isfd167-bue.infd.edu.ar\/sitio\/wp-json\/wp\/v2\/pages\/772"}],"collection":[{"href":"https:\/\/isfd167-bue.infd.edu.ar\/sitio\/wp-json\/wp\/v2\/pages"}],"about":[{"href":"https:\/\/isfd167-bue.infd.edu.ar\/sitio\/wp-json\/wp\/v2\/types\/page"}],"author":[{"embeddable":true,"href":"https:\/\/isfd167-bue.infd.edu.ar\/sitio\/wp-json\/wp\/v2\/users\/400"}],"replies":[{"embeddable":true,"href":"https:\/\/isfd167-bue.infd.edu.ar\/sitio\/wp-json\/wp\/v2\/comments?post=772"}],"version-history":[{"count":6,"href":"https:\/\/isfd167-bue.infd.edu.ar\/sitio\/wp-json\/wp\/v2\/pages\/772\/revisions"}],"predecessor-version":[{"id":1345,"href":"https:\/\/isfd167-bue.infd.edu.ar\/sitio\/wp-json\/wp\/v2\/pages\/772\/revisions\/1345"}],"up":[{"embeddable":true,"href":"https:\/\/isfd167-bue.infd.edu.ar\/sitio\/wp-json\/wp\/v2\/pages\/748"}],"wp:attachment":[{"href":"https:\/\/isfd167-bue.infd.edu.ar\/sitio\/wp-json\/wp\/v2\/media?parent=772"}],"curies":[{"name":"wp","href":"https:\/\/api.w.org\/{rel}","templated":true}]}}