{"id":765,"date":"2018-06-29T17:10:22","date_gmt":"2018-06-29T20:10:22","guid":{"rendered":"https:\/\/isfd167-bue.infd.edu.ar\/sitio\/profesorado-de-educacion-inicial\/"},"modified":"2022-12-14T11:06:01","modified_gmt":"2022-12-14T14:06:01","slug":"profesorado-de-educacion-inicial","status":"publish","type":"page","link":"https:\/\/isfd167-bue.infd.edu.ar\/sitio\/oferta-academica\/profesorados\/profesorado-de-educacion-inicial\/","title":{"rendered":"Profesorado de Educaci\u00f3n Inicial"},"content":{"rendered":"<p style=\"text-align: center;\"><span style=\"font-family: verdana,geneva;\"><span style=\"color: #ff6600;\"><span style=\"font-size: 14pt;\"><strong>PROFESORADO DE EDUCACION INICIAL<\/strong><\/span><\/span><\/span><\/p>\n<p style=\"text-align: center;\"><span style=\"font-family: verdana,geneva;\"><img decoding=\"async\" title=\"Icono pdf\" src=\"https:\/\/isfd167-bue.infd.edu.ar\/sitio\/wp-content\/uploads\/2018\/06\/icono_pdf.gif\" alt=\"Icono pdf\" border=\"0\" \/>\u00a0<a title=\"Dise\u00f1o Curricular Inicial y Primaria\" href=\"upload\/Inicial_y_Primaria.pdf\" target=\"_blank\" rel=\"noopener\">Descargar Dise\u00f1o Curricular<\/a><\/span><\/p>\n<p style=\"text-align: center;\"><img decoding=\"async\" loading=\"lazy\" class=\"alignnone size-full wp-image-1103\" src=\"https:\/\/isfd167-bue.infd.edu.ar\/sitio\/wp-content\/uploads\/2022\/12\/descarga-1.jpg\" alt=\"\" width=\"312\" height=\"161\" \/><\/p>\n<p>La carrera promueve el desarrollo de profesionales\/trabajadores\u00a0 de la educaci\u00f3n a partir de los siguientes principios<\/p>\n<ul>\n<li>\n<div style=\"text-align: justify;\"><span style=\"font-family: verdana,geneva;\"><strong>Pr\u00e1ctica transformadora de la Formaci\u00f3n Docente <\/strong>como concepto eje;<\/span><\/div>\n<\/li>\n<li>\n<div style=\"text-align: justify;\"><span style=\"font-family: verdana,geneva;\"><strong>Profesional de la ense\u00f1anza, pedagogo hacedor del discurso de la educaci\u00f3n <\/strong>y <strong>maestro\/a como hacedor de cultura y del discurso cultural <\/strong>como horizonte formativo que confiere la direccionalidad a la totalidad de la propuesta;<\/span><\/div>\n<\/li>\n<li>\n<div style=\"text-align: justify;\"><span style=\"font-family: verdana,geneva;\"><strong>Posicionamiento transformador <\/strong>frente a los desaf\u00edos que le plantea la problem\u00e1tica \u00e1ulica, institucional y social;<\/span><\/div>\n<\/li>\n<li>\n<div style=\"text-align: justify;\"><span style=\"font-family: verdana,geneva;\"><strong>Continuum formativo <\/strong>que se produce en los espacios singulares de actuaci\u00f3n dentro de los cuales adquieren preeminencia diversos conflictos;<\/span><\/div>\n<\/li>\n<li>\n<div style=\"text-align: justify;\"><span style=\"font-family: verdana,geneva;\"><strong>Sujetos formadores y en formaci\u00f3n <\/strong>que se entrelazan en el proceso curricular;<\/span><\/div>\n<\/li>\n<li>\n<div style=\"text-align: justify;\"><span style=\"font-family: verdana,geneva;\"><strong>Construcci\u00f3n participativa <\/strong>del curr\u00edculum, que se reconoce, propicia y pone en acci\u00f3n como \u00e1mbito de producci\u00f3n proyectual, pero a la vez de formaci\u00f3n permanente y de transformaci\u00f3n institucional.<\/span><\/div>\n<\/li>\n<\/ul>\n<p style=\"text-align: justify;\"><span style=\"font-family: verdana,geneva;\">El dise\u00f1o curricular, por su parte, se sit\u00faa en un <strong>paradigma articulador <\/strong>con centralidad sociocultural y con intencionalidad pol\u00edtico cultural. Se lo considera <strong>articulador <\/strong>porque en \u00e9l interact\u00faan y se interrelacionan otras l\u00f3gicas: la l\u00f3gica <strong>disciplinar<\/strong>, la l\u00f3gica <strong>psicol\u00f3gica<\/strong>, la l\u00f3gica de los <strong>saberes pedag\u00f3gico-did\u00e1cticos <\/strong>y la l\u00f3gica de la <strong>pr\u00e1ctica docente<\/strong>.\u00a0<\/span><\/p>\n<p style=\"text-align: justify;\"><span style=\"font-family: verdana,geneva;\">La intencionalidad pol\u00edtico-cultural est\u00e1 dada por la b\u00fasqueda de incidir desde la Formaci\u00f3n Docente en la reconstrucci\u00f3n del sentido pol\u00edtico-cultural de la escuela y del sentido de la docencia en el mundo actual, tomando como referencia y tradici\u00f3n residual el camino recorrido por la educaci\u00f3n en Latinoam\u00e9rica, que da sentido a ese <strong>paradigma articulador con centralidad sociocultural<\/strong>.<\/span><\/p>\n<p><img decoding=\"async\" loading=\"lazy\" class=\"alignnone size-full wp-image-1104 aligncenter\" src=\"https:\/\/isfd167-bue.infd.edu.ar\/sitio\/wp-content\/uploads\/2022\/12\/educacion-inicial.jpg\" alt=\"\" width=\"400\" height=\"400\" \/><\/p>\n","protected":false},"excerpt":{"rendered":"<p>PROFESORADO DE EDUCACION INICIAL \u00a0Descargar Dise\u00f1o Curricular La carrera promueve el desarrollo de profesionales\/trabajadores\u00a0 de la educaci\u00f3n a partir de los siguientes principios Pr\u00e1ctica transformadora de la Formaci\u00f3n Docente como concepto eje; Profesional de la ense\u00f1anza, pedagogo hacedor del discurso de la educaci\u00f3n y maestro\/a como hacedor de cultura y del discurso cultural como horizonte &#8230; <a title=\"Profesorado de Educaci\u00f3n Inicial\" class=\"read-more\" href=\"https:\/\/isfd167-bue.infd.edu.ar\/sitio\/oferta-academica\/profesorados\/profesorado-de-educacion-inicial\/\" aria-label=\"More on Profesorado de Educaci\u00f3n Inicial\">[+]<\/a><\/p>\n","protected":false},"author":400,"featured_media":0,"parent":748,"menu_order":0,"comment_status":"closed","ping_status":"closed","template":"","meta":[],"acf":[],"_links":{"self":[{"href":"https:\/\/isfd167-bue.infd.edu.ar\/sitio\/wp-json\/wp\/v2\/pages\/765"}],"collection":[{"href":"https:\/\/isfd167-bue.infd.edu.ar\/sitio\/wp-json\/wp\/v2\/pages"}],"about":[{"href":"https:\/\/isfd167-bue.infd.edu.ar\/sitio\/wp-json\/wp\/v2\/types\/page"}],"author":[{"embeddable":true,"href":"https:\/\/isfd167-bue.infd.edu.ar\/sitio\/wp-json\/wp\/v2\/users\/400"}],"replies":[{"embeddable":true,"href":"https:\/\/isfd167-bue.infd.edu.ar\/sitio\/wp-json\/wp\/v2\/comments?post=765"}],"version-history":[{"count":2,"href":"https:\/\/isfd167-bue.infd.edu.ar\/sitio\/wp-json\/wp\/v2\/pages\/765\/revisions"}],"predecessor-version":[{"id":1105,"href":"https:\/\/isfd167-bue.infd.edu.ar\/sitio\/wp-json\/wp\/v2\/pages\/765\/revisions\/1105"}],"up":[{"embeddable":true,"href":"https:\/\/isfd167-bue.infd.edu.ar\/sitio\/wp-json\/wp\/v2\/pages\/748"}],"wp:attachment":[{"href":"https:\/\/isfd167-bue.infd.edu.ar\/sitio\/wp-json\/wp\/v2\/media?parent=765"}],"curies":[{"name":"wp","href":"https:\/\/api.w.org\/{rel}","templated":true}]}}