{"id":753,"date":"2018-06-29T17:10:18","date_gmt":"2018-06-29T20:10:18","guid":{"rendered":"https:\/\/isfd167-bue.infd.edu.ar\/sitio\/el-rincon-de-los-alumnos\/"},"modified":"2024-12-27T11:04:22","modified_gmt":"2024-12-27T14:04:22","slug":"el-rincon-de-los-alumnos","status":"publish","type":"page","link":"https:\/\/isfd167-bue.infd.edu.ar\/sitio\/el-rincon-de-los-alumnos\/","title":{"rendered":"Pesta\u00f1a para Estudiantes"},"content":{"rendered":"\n<p class=\"has-text-align-center\"><span style=\"font-family: verdana,geneva; font-size: 14pt;\"><span style=\"color: #ff0000;\"><span style=\"text-decoration: underline;\">NOVEDADES:<\/span><\/span><\/span><\/p>\n\n\n\n<p><span style=\"font-size: 14pt;\"><img decoding=\"async\" title=\"Vi\u00f1eta l\u00e1piz verde\" border=\"0\" src=\"https:\/\/isfd167-bue.infd.edu.ar\/sitio\/wp-content\/uploads\/2018\/06\/lapiz_verde.gif\" alt=\"Vi\u00f1eta l\u00e1piz verde\"><\/span>El instituto tiene una  cuenta en Instagram <a rel=\"noreferrer noopener\" href=\"https:\/\/www.instagram.com\/isfd167_oficial\/\" target=\"_blank\">isfd167_oficial<\/a> d\u00f3nde se comunican todas las novedades.<\/p>\n\n\n\n<h2 class=\"wp-block-heading\">Constancias<\/h2>\n\n\n\n<p>Cuando tengas que solicitar constancias record\u00e1 buscarlas en esta secci\u00f3n, descargarla para completar y entregar en preceptoria. Las preceptoras controlar\u00e1n la pertinencia de la solicitud y luego ser\u00e1 firmada por la Secretaria. No es un procedimiento autom\u00e1tico, de modo que si correspondiera, la constancia estar\u00e1 disponible para su retiro dentro de las 48 a 72 horas posteriores a la solicitud.<\/p>\n\n\n\n<div class=\"wp-block-group is-layout-constrained\"><div class=\"wp-block-group__inner-container\">\n<div class=\"wp-block-file\"><object class=\"wp-block-file__embed\" data=\"https:\/\/isfd167-bue.infd.edu.ar\/sitio\/wp-content\/uploads\/2023\/12\/Formacion-Docente-inicial-Tecnica-y-Artistica-Planilla-de-inscripcion-Educacion-Superior_0.pdf\" type=\"application\/pdf\" style=\"width:100%;height:600px\" aria-label=\"Incrustado de Formacion-Docente-inicial-Tecnica-y-Artistica-Planilla-de-inscripcion-Educacion-Superior_0.\"><\/object><a id=\"wp-block-file--media-7d54c14a-55f7-4afb-8c65-87e86ca8992b\" href=\"https:\/\/isfd167-bue.infd.edu.ar\/sitio\/wp-content\/uploads\/2023\/12\/Formacion-Docente-inicial-Tecnica-y-Artistica-Planilla-de-inscripcion-Educacion-Superior_0.pdf\">Formacion-Docente-inicial-Tecnica-y-Artistica-Planilla-de-inscripcion-Educacion-Superior_0<\/a><a href=\"https:\/\/isfd167-bue.infd.edu.ar\/sitio\/wp-content\/uploads\/2023\/12\/Formacion-Docente-inicial-Tecnica-y-Artistica-Planilla-de-inscripcion-Educacion-Superior_0.pdf\" class=\"wp-block-file__button wp-element-button\" download aria-describedby=\"wp-block-file--media-7d54c14a-55f7-4afb-8c65-87e86ca8992b\">Descarga<\/a><\/div>\n\n\n\n<div class=\"wp-block-group is-layout-constrained\"><div class=\"wp-block-group__inner-container\">\n<div class=\"wp-block-file\"><object class=\"wp-block-file__embed\" data=\"https:\/\/isfd167-bue.infd.edu.ar\/sitio\/wp-content\/uploads\/2023\/03\/Ficha-medica-1.pdf\" type=\"application\/pdf\" style=\"width:100%;height:600px\" aria-label=\"Incrustado de Ficha-medica-1.\"><\/object><a id=\"wp-block-file--media-64ec9bd2-6750-43ee-aabc-fc4cc40b0a22\" href=\"https:\/\/isfd167-bue.infd.edu.ar\/sitio\/wp-content\/uploads\/2023\/03\/Ficha-medica-1.pdf\">Ficha-medica-1<\/a><a href=\"https:\/\/isfd167-bue.infd.edu.ar\/sitio\/wp-content\/uploads\/2023\/03\/Ficha-medica-1.pdf\" class=\"wp-block-file__button wp-element-button\" download aria-describedby=\"wp-block-file--media-64ec9bd2-6750-43ee-aabc-fc4cc40b0a22\">Descarga<\/a><\/div>\n\n\n\n<div class=\"wp-block-group is-layout-constrained\"><div class=\"wp-block-group__inner-container\">\n<div class=\"wp-block-file\"><object class=\"wp-block-file__embed\" data=\"https:\/\/isfd167-bue.infd.edu.ar\/sitio\/wp-content\/uploads\/2023\/03\/Ficha-foniatrica.pdf\" type=\"application\/pdf\" style=\"width:100%;height:600px\" aria-label=\"Incrustado de Ficha foni\u00e1trica.\"><\/object><a id=\"wp-block-file--media-e0f9715f-1bdb-4101-988a-a3ba24117469\" href=\"https:\/\/isfd167-bue.infd.edu.ar\/sitio\/wp-content\/uploads\/2023\/03\/Ficha-foniatrica.pdf\">Ficha foni\u00e1trica<\/a><a href=\"https:\/\/isfd167-bue.infd.edu.ar\/sitio\/wp-content\/uploads\/2023\/03\/Ficha-foniatrica.pdf\" class=\"wp-block-file__button wp-element-button\" download aria-describedby=\"wp-block-file--media-e0f9715f-1bdb-4101-988a-a3ba24117469\">Descarga<\/a><\/div>\n\n\n\n<div class=\"wp-block-file\"><object class=\"wp-block-file__embed\" data=\"https:\/\/isfd167-bue.infd.edu.ar\/sitio\/wp-content\/uploads\/2023\/03\/Solicitud-de-equivalencias.pdf\" type=\"application\/pdf\" style=\"width:100%;height:600px\" aria-label=\"Incrustado de Solicitud de equivalencias.\"><\/object><a id=\"wp-block-file--media-afdc7778-ebfb-45f9-8d5f-89f30bda4a77\" href=\"https:\/\/isfd167-bue.infd.edu.ar\/sitio\/wp-content\/uploads\/2023\/03\/Solicitud-de-equivalencias.pdf\">Solicitud de equivalencias<\/a><a href=\"https:\/\/isfd167-bue.infd.edu.ar\/sitio\/wp-content\/uploads\/2023\/03\/Solicitud-de-equivalencias.pdf\" class=\"wp-block-file__button wp-element-button\" download aria-describedby=\"wp-block-file--media-afdc7778-ebfb-45f9-8d5f-89f30bda4a77\">Descarga<\/a><\/div>\n\n\n\n<div class=\"wp-block-file\"><object class=\"wp-block-file__embed\" data=\"https:\/\/isfd167-bue.infd.edu.ar\/sitio\/wp-content\/uploads\/2023\/03\/Constancia-asistencia-a-examenes.pdf\" type=\"application\/pdf\" style=\"width:100%;height:600px\" aria-label=\"Incrustado de Constancia asistencia a ex\u00e1menes.\"><\/object><a id=\"wp-block-file--media-0ce4aa70-fa77-4599-951e-c33eab145a3d\" href=\"https:\/\/isfd167-bue.infd.edu.ar\/sitio\/wp-content\/uploads\/2023\/03\/Constancia-asistencia-a-examenes.pdf\">Constancia asistencia a ex\u00e1menes<\/a><a href=\"https:\/\/isfd167-bue.infd.edu.ar\/sitio\/wp-content\/uploads\/2023\/03\/Constancia-asistencia-a-examenes.pdf\" class=\"wp-block-file__button wp-element-button\" download aria-describedby=\"wp-block-file--media-0ce4aa70-fa77-4599-951e-c33eab145a3d\">Descarga<\/a><\/div>\n\n\n\n<div class=\"wp-block-file\"><object class=\"wp-block-file__embed\" data=\"https:\/\/isfd167-bue.infd.edu.ar\/sitio\/wp-content\/uploads\/2023\/03\/Constancia-Alumno-Regular.pdf\" type=\"application\/pdf\" style=\"width:100%;height:600px\" aria-label=\"Incrustado de Constancia Alumno Regular.\"><\/object><a id=\"wp-block-file--media-72950ee0-37a9-47cd-b18a-e1034060c492\" href=\"https:\/\/isfd167-bue.infd.edu.ar\/sitio\/wp-content\/uploads\/2023\/03\/Constancia-Alumno-Regular.pdf\">Constancia Alumno Regular<\/a><a href=\"https:\/\/isfd167-bue.infd.edu.ar\/sitio\/wp-content\/uploads\/2023\/03\/Constancia-Alumno-Regular.pdf\" class=\"wp-block-file__button wp-element-button\" download aria-describedby=\"wp-block-file--media-72950ee0-37a9-47cd-b18a-e1034060c492\">Descarga<\/a><\/div>\n\n\n\n<div class=\"wp-block-file\"><object class=\"wp-block-file__embed\" data=\"https:\/\/isfd167-bue.infd.edu.ar\/sitio\/wp-content\/uploads\/2023\/03\/Asistencias-a-practicas-_-salidas-educativas.pdf\" type=\"application\/pdf\" style=\"width:100%;height:600px\" aria-label=\"Incrustado de Asistencias a pr\u00e1cticas _ salidas educativas.\"><\/object><a id=\"wp-block-file--media-4e497c5b-fccb-41da-bf95-1e6f1135a543\" href=\"https:\/\/isfd167-bue.infd.edu.ar\/sitio\/wp-content\/uploads\/2023\/03\/Asistencias-a-practicas-_-salidas-educativas.pdf\">Asistencias a pr\u00e1cticas _ salidas educativas<\/a><a href=\"https:\/\/isfd167-bue.infd.edu.ar\/sitio\/wp-content\/uploads\/2023\/03\/Asistencias-a-practicas-_-salidas-educativas.pdf\" class=\"wp-block-file__button wp-element-button\" download aria-describedby=\"wp-block-file--media-4e497c5b-fccb-41da-bf95-1e6f1135a543\">Descarga<\/a><\/div>\n<\/div><\/div>\n<\/div><\/div>\n<\/div><\/div>\n\n\n\n<div class=\"wp-block-buttons is-layout-flex\">\n<div class=\"wp-block-button is-style-fill\"><a class=\"wp-block-button__link wp-element-button\" href=\"https:\/\/isfd167-bue.infd.edu.ar\/sitio\/el-rincon-de-los-alumnos\/rematriculacion-2019\/\" target=\"_blank\" rel=\"noreferrer noopener\">MATRICULACION Y REMATRICULACION 1\u00b0 A 4\u00b0 <\/a><\/div>\n\n\n\n<div class=\"wp-block-button is-style-fill\"><a class=\"wp-block-button__link wp-element-button\" href=\"https:\/\/isfd167-bue.infd.edu.ar\/sitio\/el-rincon-de-los-alumnos\/inscripcion-a-mesas-de-examen\/\" target=\"_blank\" rel=\"noreferrer noopener\">Inscripci\u00f3n a mesas de examen<\/a><\/div>\n\n\n\n<div class=\"wp-block-button is-style-fill\"><a class=\"wp-block-button__link wp-element-button\" href=\"https:\/\/isfd167-bue.infd.edu.ar\/sitio\/inscripcion-mesas-de-examen-nuevas-correlatividades\/\">Inscripci\u00f3n mesas de examen especiales Septiembre<\/a><\/div>\n<\/div>\n","protected":false},"excerpt":{"rendered":"<p>NOVEDADES: El instituto tiene una cuenta en Instagram isfd167_oficial d\u00f3nde se comunican todas las novedades. Constancias Cuando tengas que solicitar constancias record\u00e1 buscarlas en esta secci\u00f3n, descargarla para completar y entregar en preceptoria. Las preceptoras controlar\u00e1n la pertinencia de la solicitud y luego ser\u00e1 firmada por la Secretaria. No es un procedimiento autom\u00e1tico, de modo &#8230; <a title=\"Pesta\u00f1a para Estudiantes\" class=\"read-more\" href=\"https:\/\/isfd167-bue.infd.edu.ar\/sitio\/el-rincon-de-los-alumnos\/\" aria-label=\"More on Pesta\u00f1a para Estudiantes\">[+]<\/a><\/p>\n","protected":false},"author":400,"featured_media":0,"parent":0,"menu_order":0,"comment_status":"closed","ping_status":"closed","template":"","meta":[],"acf":[],"_links":{"self":[{"href":"https:\/\/isfd167-bue.infd.edu.ar\/sitio\/wp-json\/wp\/v2\/pages\/753"}],"collection":[{"href":"https:\/\/isfd167-bue.infd.edu.ar\/sitio\/wp-json\/wp\/v2\/pages"}],"about":[{"href":"https:\/\/isfd167-bue.infd.edu.ar\/sitio\/wp-json\/wp\/v2\/types\/page"}],"author":[{"embeddable":true,"href":"https:\/\/isfd167-bue.infd.edu.ar\/sitio\/wp-json\/wp\/v2\/users\/400"}],"replies":[{"embeddable":true,"href":"https:\/\/isfd167-bue.infd.edu.ar\/sitio\/wp-json\/wp\/v2\/comments?post=753"}],"version-history":[{"count":25,"href":"https:\/\/isfd167-bue.infd.edu.ar\/sitio\/wp-json\/wp\/v2\/pages\/753\/revisions"}],"predecessor-version":[{"id":1576,"href":"https:\/\/isfd167-bue.infd.edu.ar\/sitio\/wp-json\/wp\/v2\/pages\/753\/revisions\/1576"}],"wp:attachment":[{"href":"https:\/\/isfd167-bue.infd.edu.ar\/sitio\/wp-json\/wp\/v2\/media?parent=753"}],"curies":[{"name":"wp","href":"https:\/\/api.w.org\/{rel}","templated":true}]}}