{"id":750,"date":"2018-06-29T17:10:16","date_gmt":"2018-06-29T20:10:16","guid":{"rendered":"https:\/\/isfd167-bue.infd.edu.ar\/sitio\/tecnicaturas\/"},"modified":"2024-02-29T08:58:18","modified_gmt":"2024-02-29T11:58:18","slug":"tecnicaturas","status":"publish","type":"page","link":"https:\/\/isfd167-bue.infd.edu.ar\/sitio\/oferta-academica\/tecnicaturas\/","title":{"rendered":"Carreras T\u00e9cnicas"},"content":{"rendered":"<div class=\"wp-block-image is-style-default\">\n<figure class=\"aligncenter size-full\"><img decoding=\"async\" loading=\"lazy\" width=\"472\" height=\"333\" src=\"https:\/\/isfd167-bue.infd.edu.ar\/sitio\/wp-content\/uploads\/2023\/02\/Captura-de-pantalla_20230209_102600.png\" alt=\"\" class=\"wp-image-1126\"\/><\/figure><\/div>\n\n\n<figure class=\"wp-block-pullquote\"><blockquote><p>Formaci\u00f3n t\u00e9cnica para el Nivel Superior<\/p><cite>Sus objetivos son contribuir al desarrollo socio-productivo regional, promover la producci\u00f3n y socializaci\u00f3n del conocimiento en \u00e1mbitos de la ciencia, la tecnolog\u00eda, la producci\u00f3n y el trabajo, y desarrollar las actitudes y valores que requiere la formaci\u00f3n de personas responsables capaces de mejorar la calidad de vida com\u00fan en sociedades democr\u00e1tica.<\/cite><\/blockquote><\/figure>\n\n\n\n<h2 class=\"wp-block-heading has-text-align-center\">Acced\u00e9 a nuestra propuesta formativa:<\/h2>\n\n\n\n<div class=\"wp-block-buttons alignwide is-content-justification-center is-layout-flex wp-container-1\">\n<div class=\"wp-block-button is-style-outline\"><a class=\"wp-block-button__link wp-element-button\" href=\"https:\/\/isfd167-bue.infd.edu.ar\/sitio\/oferta-academica\/tecnicaturas\/tecnicatura-superior-en-acompanamiento-terapeutico\/\">Tecnicatura Superior en Acompa\u00f1amiento Terap\u00e9utico<\/a><\/div>\n\n\n\n<div class=\"wp-block-button is-style-outline\"><a class=\"wp-block-button__link wp-element-button\" href=\"https:\/\/isfd167-bue.infd.edu.ar\/sitio\/oferta-academica\/tecnicaturas\/tecnicatura-superior-en-administracion-con-orientacion-contable\/\">Tecnicatura Superior en Administraci\u00f3n Contable<\/a><\/div>\n\n\n\n<div class=\"wp-block-button is-style-outline\"><a class=\"wp-block-button__link wp-element-button\" href=\"https:\/\/isfd167-bue.infd.edu.ar\/sitio\/oferta-academica\/tecnicaturas\/tecnicatura-superior-en-publicidad\/\">Tecnicatura Superior en Publicidad<\/a><\/div>\n\n\n\n<div class=\"wp-block-button is-style-outline\"><a class=\"wp-block-button__link wp-element-button\" href=\"https:\/\/isfd167-bue.infd.edu.ar\/sitio\/oferta-academica\/tecnicaturas\/tecnicatura-superior-en-turismo\/\">Tecnicatura Superior en Turismo<\/a><\/div>\n\n\n\n<div class=\"wp-block-button is-style-outline\"><a class=\"wp-block-button__link wp-element-button\">Tecnicatura Superior en Interpretaci\u00f3n y traducci\u00f3n de Lengua de Se\u00f1as Argentina-Espa\u00f1a<\/a><\/div>\n<\/div>\n","protected":false},"excerpt":{"rendered":"<p>Formaci\u00f3n t\u00e9cnica para el Nivel Superior Sus objetivos son contribuir al desarrollo socio-productivo regional, promover la producci\u00f3n y socializaci\u00f3n del conocimiento en \u00e1mbitos de la ciencia, la tecnolog\u00eda, la producci\u00f3n y el trabajo, y desarrollar las actitudes y valores que requiere la formaci\u00f3n de personas responsables capaces de mejorar la calidad de vida com\u00fan en &#8230; <a title=\"Carreras T\u00e9cnicas\" class=\"read-more\" href=\"https:\/\/isfd167-bue.infd.edu.ar\/sitio\/oferta-academica\/tecnicaturas\/\" aria-label=\"More on Carreras T\u00e9cnicas\">[+]<\/a><\/p>\n","protected":false},"author":400,"featured_media":0,"parent":925,"menu_order":0,"comment_status":"closed","ping_status":"closed","template":"","meta":[],"acf":[],"_links":{"self":[{"href":"https:\/\/isfd167-bue.infd.edu.ar\/sitio\/wp-json\/wp\/v2\/pages\/750"}],"collection":[{"href":"https:\/\/isfd167-bue.infd.edu.ar\/sitio\/wp-json\/wp\/v2\/pages"}],"about":[{"href":"https:\/\/isfd167-bue.infd.edu.ar\/sitio\/wp-json\/wp\/v2\/types\/page"}],"author":[{"embeddable":true,"href":"https:\/\/isfd167-bue.infd.edu.ar\/sitio\/wp-json\/wp\/v2\/users\/400"}],"replies":[{"embeddable":true,"href":"https:\/\/isfd167-bue.infd.edu.ar\/sitio\/wp-json\/wp\/v2\/comments?post=750"}],"version-history":[{"count":5,"href":"https:\/\/isfd167-bue.infd.edu.ar\/sitio\/wp-json\/wp\/v2\/pages\/750\/revisions"}],"predecessor-version":[{"id":1464,"href":"https:\/\/isfd167-bue.infd.edu.ar\/sitio\/wp-json\/wp\/v2\/pages\/750\/revisions\/1464"}],"up":[{"embeddable":true,"href":"https:\/\/isfd167-bue.infd.edu.ar\/sitio\/wp-json\/wp\/v2\/pages\/925"}],"wp:attachment":[{"href":"https:\/\/isfd167-bue.infd.edu.ar\/sitio\/wp-json\/wp\/v2\/media?parent=750"}],"curies":[{"name":"wp","href":"https:\/\/api.w.org\/{rel}","templated":true}]}}