{"id":748,"date":"2018-06-29T17:10:16","date_gmt":"2018-06-29T20:10:16","guid":{"rendered":"https:\/\/isfd167-bue.infd.edu.ar\/sitio\/profesorados\/"},"modified":"2022-12-14T10:45:31","modified_gmt":"2022-12-14T13:45:31","slug":"profesorados","status":"publish","type":"page","link":"https:\/\/isfd167-bue.infd.edu.ar\/sitio\/oferta-academica\/profesorados\/","title":{"rendered":"Profesorados"},"content":{"rendered":"<p style=\"text-align: center;\"><span style=\"font-family: verdana,geneva;\"><span style=\"font-size: 24pt;\"><span style=\"color: #339966;\">Constru\u00ed conocimientos de Formaci\u00f3n Docente para diferentes niveles de ense\u00f1anza.<\/span><\/span><\/span><\/p>\n<p style=\"text-align: center;\"><strong>Se parte de la formaci\u00f3n de los futuros profesionales de la Docencia, se parte de la transformaci\u00f3n, entre todos podemos ser mejores<\/strong>.<\/p>\n<p><img decoding=\"async\" loading=\"lazy\" class=\"size-medium wp-image-1100\" src=\"https:\/\/isfd167-bue.infd.edu.ar\/sitio\/wp-content\/uploads\/2022\/12\/Reimagining-our-futures-together_Banner-1000x654.jpg\" alt=\"\" width=\"1000\" height=\"654\" srcset=\"https:\/\/isfd167-bue.infd.edu.ar\/sitio\/wp-content\/uploads\/2022\/12\/Reimagining-our-futures-together_Banner-1000x654.jpg 1000w, https:\/\/isfd167-bue.infd.edu.ar\/sitio\/wp-content\/uploads\/2022\/12\/Reimagining-our-futures-together_Banner-1900x1243.jpg 1900w, https:\/\/isfd167-bue.infd.edu.ar\/sitio\/wp-content\/uploads\/2022\/12\/Reimagining-our-futures-together_Banner-768x502.jpg 768w, https:\/\/isfd167-bue.infd.edu.ar\/sitio\/wp-content\/uploads\/2022\/12\/Reimagining-our-futures-together_Banner-1536x1005.jpg 1536w, https:\/\/isfd167-bue.infd.edu.ar\/sitio\/wp-content\/uploads\/2022\/12\/Reimagining-our-futures-together_Banner-2048x1340.jpg 2048w\" sizes=\"(max-width: 1000px) 100vw, 1000px\" \/><\/p>\n<p><span style=\"font-family: 'Verdana','sans-serif'; color: #339966; font-size: 24pt;\">\u00a0 \u00a0\u00a0<\/span><\/p>\n<p style=\"text-align: center;\">\n<p style=\"text-align: center;\"><span style=\"font-family: 'Verdana','sans-serif'; color: #339966; font-size: 24pt;\">\u00a0<\/span><\/p>\n","protected":false},"excerpt":{"rendered":"<p>Constru\u00ed conocimientos de Formaci\u00f3n Docente para diferentes niveles de ense\u00f1anza. Se parte de la formaci\u00f3n de los futuros profesionales de la Docencia, se parte de la transformaci\u00f3n, entre todos podemos ser mejores. \u00a0 \u00a0\u00a0 \u00a0<\/p>\n","protected":false},"author":400,"featured_media":0,"parent":925,"menu_order":0,"comment_status":"closed","ping_status":"closed","template":"","meta":[],"acf":[],"_links":{"self":[{"href":"https:\/\/isfd167-bue.infd.edu.ar\/sitio\/wp-json\/wp\/v2\/pages\/748"}],"collection":[{"href":"https:\/\/isfd167-bue.infd.edu.ar\/sitio\/wp-json\/wp\/v2\/pages"}],"about":[{"href":"https:\/\/isfd167-bue.infd.edu.ar\/sitio\/wp-json\/wp\/v2\/types\/page"}],"author":[{"embeddable":true,"href":"https:\/\/isfd167-bue.infd.edu.ar\/sitio\/wp-json\/wp\/v2\/users\/400"}],"replies":[{"embeddable":true,"href":"https:\/\/isfd167-bue.infd.edu.ar\/sitio\/wp-json\/wp\/v2\/comments?post=748"}],"version-history":[{"count":3,"href":"https:\/\/isfd167-bue.infd.edu.ar\/sitio\/wp-json\/wp\/v2\/pages\/748\/revisions"}],"predecessor-version":[{"id":1106,"href":"https:\/\/isfd167-bue.infd.edu.ar\/sitio\/wp-json\/wp\/v2\/pages\/748\/revisions\/1106"}],"up":[{"embeddable":true,"href":"https:\/\/isfd167-bue.infd.edu.ar\/sitio\/wp-json\/wp\/v2\/pages\/925"}],"wp:attachment":[{"href":"https:\/\/isfd167-bue.infd.edu.ar\/sitio\/wp-json\/wp\/v2\/media?parent=748"}],"curies":[{"name":"wp","href":"https:\/\/api.w.org\/{rel}","templated":true}]}}