{"id":745,"date":"2018-07-26T14:09:58","date_gmt":"2018-07-26T17:09:58","guid":{"rendered":"https:\/\/isfd167-bue.infd.edu.ar\/sitio\/?page_id=745"},"modified":"2019-10-23T09:34:15","modified_gmt":"2019-10-23T12:34:15","slug":"cooperadora-2","status":"publish","type":"page","link":"https:\/\/isfd167-bue.infd.edu.ar\/sitio\/cooperadora-2\/","title":{"rendered":"Cooperadora"},"content":{"rendered":"<p style=\"text-align: center;\"><span style=\"font-family: verdana,geneva;\"><span style=\"font-size: 18pt;\"><strong><span style=\"text-decoration: underline;\"><span style=\"color: #7f50af;\">COOPERADORA \u00abJUAN BAUTISTA ALBERDI\u00bb<\/span><\/span><\/strong><\/span><\/span><\/p>\n<p style=\"text-align: justify;\"><span style=\"font-family: verdana,geneva;\"><span style=\"font-size: 12pt;\">A pesar de los subsidios que recibe por parte de los gobiernos Nacional y Provincial, la Unidad Acad\u00e9mica cuenta con un aliado \u00fanico que la respald\u00f3 y la sigue respaldando. Una amiga fiel que logr\u00f3 juntar numerosos fondos para la instituci\u00f3n: la Cooperadora \u201cJuan Bautista Alberdi\u201d. Integrada por padres y ex docentes dispuestos a trabajar para mejorar la escuela, la Cooperadora contribuye de manera considerable al sostenimiento de la instituci\u00f3n.<\/span><\/span><\/p>\n<p style=\"text-align: center;\"><img decoding=\"async\" loading=\"lazy\" title=\"Cooperadora\" src=\"https:\/\/isfd167-bue.infd.edu.ar\/sitio\/wp-content\/uploads\/2018\/06\/Cooperadora.jpg\" alt=\"Cooperadora\" width=\"388\" height=\"183\" border=\"0\" \/><\/p>\n<p>&nbsp;<\/p>\n","protected":false},"excerpt":{"rendered":"<p>COOPERADORA \u00abJUAN BAUTISTA ALBERDI\u00bb A pesar de los subsidios que recibe por parte de los gobiernos Nacional y Provincial, la Unidad Acad\u00e9mica cuenta con un aliado \u00fanico que la respald\u00f3 y la sigue respaldando. Una amiga fiel que logr\u00f3 juntar numerosos fondos para la instituci\u00f3n: la Cooperadora \u201cJuan Bautista Alberdi\u201d. Integrada por padres y ex &#8230; <a title=\"Cooperadora\" class=\"read-more\" href=\"https:\/\/isfd167-bue.infd.edu.ar\/sitio\/cooperadora-2\/\" aria-label=\"More on Cooperadora\">[+]<\/a><\/p>\n","protected":false},"author":400,"featured_media":0,"parent":0,"menu_order":0,"comment_status":"closed","ping_status":"closed","template":"","meta":[],"acf":[],"_links":{"self":[{"href":"https:\/\/isfd167-bue.infd.edu.ar\/sitio\/wp-json\/wp\/v2\/pages\/745"}],"collection":[{"href":"https:\/\/isfd167-bue.infd.edu.ar\/sitio\/wp-json\/wp\/v2\/pages"}],"about":[{"href":"https:\/\/isfd167-bue.infd.edu.ar\/sitio\/wp-json\/wp\/v2\/types\/page"}],"author":[{"embeddable":true,"href":"https:\/\/isfd167-bue.infd.edu.ar\/sitio\/wp-json\/wp\/v2\/users\/400"}],"replies":[{"embeddable":true,"href":"https:\/\/isfd167-bue.infd.edu.ar\/sitio\/wp-json\/wp\/v2\/comments?post=745"}],"version-history":[{"count":3,"href":"https:\/\/isfd167-bue.infd.edu.ar\/sitio\/wp-json\/wp\/v2\/pages\/745\/revisions"}],"predecessor-version":[{"id":876,"href":"https:\/\/isfd167-bue.infd.edu.ar\/sitio\/wp-json\/wp\/v2\/pages\/745\/revisions\/876"}],"wp:attachment":[{"href":"https:\/\/isfd167-bue.infd.edu.ar\/sitio\/wp-json\/wp\/v2\/media?parent=745"}],"curies":[{"name":"wp","href":"https:\/\/api.w.org\/{rel}","templated":true}]}}