{"id":1560,"date":"2024-12-02T16:17:36","date_gmt":"2024-12-02T19:17:36","guid":{"rendered":"https:\/\/isfd167-bue.infd.edu.ar\/sitio\/?page_id=1560"},"modified":"2025-12-30T20:02:01","modified_gmt":"2025-12-30T23:02:01","slug":"mesas-de-examen","status":"publish","type":"page","link":"https:\/\/isfd167-bue.infd.edu.ar\/sitio\/mesas-de-examen\/","title":{"rendered":"MESAS DE EXAMEN FEBRERO 2026"},"content":{"rendered":"\n<div class=\"wp-block-buttons is-layout-flex\">\n<div class=\"wp-block-button\"><a class=\"wp-block-button__link wp-element-button\" href=\"https:\/\/drive.google.com\/drive\/folders\/1ZV4Tyx0JRxDXmITRI5U6ncGx3gBeBFuc?usp=sharing\" target=\"_blank\" rel=\"noreferrer noopener\">ACCESO A CRONOGRAMA DE FECHAS POR CARRERA<\/a><\/div>\n\n\n\n<div class=\"wp-block-button\"><a class=\"wp-block-button__link wp-element-button\" href=\"https:\/\/isfd167-bue.infd.edu.ar\/sitio\/inscripcion-mesas-de-examen\/\" target=\"_blank\" rel=\"noreferrer noopener\">FORMULARIOS DE INSCRIPCI\u00d3N<\/a><\/div>\n<\/div>\n\n\n\n<p>Al aplicarse el nuevo R\u00e9gimen Acad\u00e9mico, se prev\u00e9 un \u00fanico llamado a mesas de examen.<\/p>\n\n\n\n<p>Pod\u00e9s inscribirte a las mesas de examen como Regular o Libre a partir del 2 de febrero de 2026.<\/p>\n\n\n\n<p>Revis\u00e1 el aula virtual de tu carrera y mir\u00e1 con atenci\u00f3n el R\u00e9gimen de correlatividades.<\/p>\n\n\n\n<p>Prest\u00e1 atenci\u00f3n porque la condici\u00f3n de libre no aplica a Pr\u00e1cticas, Ateneos y Talleres.<\/p>\n\n\n\n<p>Cualquier observaci\u00f3n o reclamo sobre el cronograma, lo recibiremos a partir del 2 de febrero acercate a ventanilla de 18 a 23.20 y hac\u00e9 tus consultas.<\/p>\n\n\n\n<figure class=\"wp-block-image size-full\"><img decoding=\"async\" loading=\"lazy\" width=\"190\" height=\"173\" src=\"https:\/\/isfd167-bue.infd.edu.ar\/sitio\/wp-content\/uploads\/2024\/12\/isfd.jpg\" alt=\"\" class=\"wp-image-1561\"\/><\/figure>\n","protected":false},"excerpt":{"rendered":"<p>Al aplicarse el nuevo R\u00e9gimen Acad\u00e9mico, se prev\u00e9 un \u00fanico llamado a mesas de examen. Pod\u00e9s inscribirte a las mesas de examen como Regular o Libre a partir del 2 de febrero de 2026. Revis\u00e1 el aula virtual de tu carrera y mir\u00e1 con atenci\u00f3n el R\u00e9gimen de correlatividades. Prest\u00e1 atenci\u00f3n porque la condici\u00f3n de &#8230; <a title=\"MESAS DE EXAMEN FEBRERO 2026\" class=\"read-more\" href=\"https:\/\/isfd167-bue.infd.edu.ar\/sitio\/mesas-de-examen\/\" aria-label=\"More on MESAS DE EXAMEN FEBRERO 2026\">[+]<\/a><\/p>\n","protected":false},"author":487,"featured_media":0,"parent":0,"menu_order":0,"comment_status":"closed","ping_status":"closed","template":"","meta":[],"acf":[],"_links":{"self":[{"href":"https:\/\/isfd167-bue.infd.edu.ar\/sitio\/wp-json\/wp\/v2\/pages\/1560"}],"collection":[{"href":"https:\/\/isfd167-bue.infd.edu.ar\/sitio\/wp-json\/wp\/v2\/pages"}],"about":[{"href":"https:\/\/isfd167-bue.infd.edu.ar\/sitio\/wp-json\/wp\/v2\/types\/page"}],"author":[{"embeddable":true,"href":"https:\/\/isfd167-bue.infd.edu.ar\/sitio\/wp-json\/wp\/v2\/users\/487"}],"replies":[{"embeddable":true,"href":"https:\/\/isfd167-bue.infd.edu.ar\/sitio\/wp-json\/wp\/v2\/comments?post=1560"}],"version-history":[{"count":8,"href":"https:\/\/isfd167-bue.infd.edu.ar\/sitio\/wp-json\/wp\/v2\/pages\/1560\/revisions"}],"predecessor-version":[{"id":1610,"href":"https:\/\/isfd167-bue.infd.edu.ar\/sitio\/wp-json\/wp\/v2\/pages\/1560\/revisions\/1610"}],"wp:attachment":[{"href":"https:\/\/isfd167-bue.infd.edu.ar\/sitio\/wp-json\/wp\/v2\/media?parent=1560"}],"curies":[{"name":"wp","href":"https:\/\/api.w.org\/{rel}","templated":true}]}}