{"id":1554,"date":"2024-11-22T20:42:03","date_gmt":"2024-11-22T23:42:03","guid":{"rendered":"https:\/\/isfd167-bue.infd.edu.ar\/sitio\/?page_id=1554"},"modified":"2025-10-20T19:53:25","modified_gmt":"2025-10-20T22:53:25","slug":"preinscripcion-2025","status":"publish","type":"page","link":"https:\/\/isfd167-bue.infd.edu.ar\/sitio\/preinscripcion-2025\/","title":{"rendered":"Preinscripci\u00f3n 2026"},"content":{"rendered":"\n<p>Ingres\u00e1 al formulario de Preinsripci\u00f3n y seleccion\u00e1 las carreras que te interesan<\/p>\n\n\n\n<p><a href=\"https:\/\/docs.google.com\/forms\/u\/1\/d\/e\/1FAIpQLSeStdfwIMKTGva8xWZdH6XFSONrBgHrnY5LiEN7TyGt4LH2LQ\/viewform?usp=sf_link\">Acceso al Formulario &#8212;<\/a><\/p>\n\n\n\n<p>CarrerasT\u00e9cnicas<\/p>\n\n\n\n<p>Tecnicatura Superior en Gu\u00eda de Turismo<\/p>\n\n\n\n<p>Tecnicatura Superior en Turismo<\/p>\n\n\n\n<p>Tecnicatura Superior en Administraci\u00f3n Contable<\/p>\n\n\n\n<p>Tecnicatura Superior en Acompa\u00f1amiento Terap\u00e9utico<\/p>\n\n\n\n<p>Tecnicatura Superior en Publicidad<\/p>\n\n\n\n<p>Tecnicatura Superior en Interpretaci\u00f3n y Traducci\u00f3n de Lengua de Se\u00f1as Argentina Espa\u00f1a<\/p>\n\n\n\n<p>Carreras Docentes<\/p>\n\n\n\n<p>Profesorado en Educaci\u00f3n Inicial<\/p>\n\n\n\n<p>Profesorado en Educaci\u00f3n Primaria<\/p>\n\n\n\n<p>Profesorado en Educaci\u00f3n Secundaria en Geograf\u00eda<\/p>\n\n\n\n<p>Profesorado en Educaci\u00f3n Secundaria en Historia<\/p>\n\n\n\n<p>Profesorado en Educaci\u00f3n Secundaria en Filosof\u00eda<\/p>\n","protected":false},"excerpt":{"rendered":"<p>Ingres\u00e1 al formulario de Preinsripci\u00f3n y seleccion\u00e1 las carreras que te interesan Acceso al Formulario &#8212; CarrerasT\u00e9cnicas Tecnicatura Superior en Gu\u00eda de Turismo Tecnicatura Superior en Turismo Tecnicatura Superior en Administraci\u00f3n Contable Tecnicatura Superior en Acompa\u00f1amiento Terap\u00e9utico Tecnicatura Superior en Publicidad Tecnicatura Superior en Interpretaci\u00f3n y Traducci\u00f3n de Lengua de Se\u00f1as Argentina Espa\u00f1a Carreras Docentes &#8230; <a title=\"Preinscripci\u00f3n 2026\" class=\"read-more\" href=\"https:\/\/isfd167-bue.infd.edu.ar\/sitio\/preinscripcion-2025\/\" aria-label=\"More on Preinscripci\u00f3n 2026\">[+]<\/a><\/p>\n","protected":false},"author":476,"featured_media":0,"parent":0,"menu_order":0,"comment_status":"closed","ping_status":"closed","template":"","meta":[],"acf":[],"_links":{"self":[{"href":"https:\/\/isfd167-bue.infd.edu.ar\/sitio\/wp-json\/wp\/v2\/pages\/1554"}],"collection":[{"href":"https:\/\/isfd167-bue.infd.edu.ar\/sitio\/wp-json\/wp\/v2\/pages"}],"about":[{"href":"https:\/\/isfd167-bue.infd.edu.ar\/sitio\/wp-json\/wp\/v2\/types\/page"}],"author":[{"embeddable":true,"href":"https:\/\/isfd167-bue.infd.edu.ar\/sitio\/wp-json\/wp\/v2\/users\/476"}],"replies":[{"embeddable":true,"href":"https:\/\/isfd167-bue.infd.edu.ar\/sitio\/wp-json\/wp\/v2\/comments?post=1554"}],"version-history":[{"count":2,"href":"https:\/\/isfd167-bue.infd.edu.ar\/sitio\/wp-json\/wp\/v2\/pages\/1554\/revisions"}],"predecessor-version":[{"id":1604,"href":"https:\/\/isfd167-bue.infd.edu.ar\/sitio\/wp-json\/wp\/v2\/pages\/1554\/revisions\/1604"}],"wp:attachment":[{"href":"https:\/\/isfd167-bue.infd.edu.ar\/sitio\/wp-json\/wp\/v2\/media?parent=1554"}],"curies":[{"name":"wp","href":"https:\/\/api.w.org\/{rel}","templated":true}]}}