{"id":1465,"date":"2024-02-29T09:07:07","date_gmt":"2024-02-29T12:07:07","guid":{"rendered":"https:\/\/isfd167-bue.infd.edu.ar\/sitio\/?page_id=1465"},"modified":"2024-02-29T09:33:34","modified_gmt":"2024-02-29T12:33:34","slug":"tecnicatura-superior-en-interpretacion-y-traduccion-de-lengua-de-senas-argentina-espana","status":"publish","type":"page","link":"https:\/\/isfd167-bue.infd.edu.ar\/sitio\/tecnicatura-superior-en-interpretacion-y-traduccion-de-lengua-de-senas-argentina-espana\/","title":{"rendered":"Tecnicatura Superior en Interpretaci\u00f3n y Traducci\u00f3n de Lengua de Se\u00f1as Argentina-Espa\u00f1a"},"content":{"rendered":"\n<p>Nueva carrera<\/p>\n\n\n\n<p>Duraci\u00f3n: 3 a\u00f1os<\/p>\n\n\n\n<p>Materias<\/p>\n\n\n\n<div class=\"wp-block-columns is-layout-flex wp-container-4\">\n<div class=\"wp-block-column is-layout-flow\">\n<h2 class=\"wp-block-heading\">Primer a\u00f1o<\/h2>\n\n\n\n<p>Derechos Humanos como Perspectiva \u00c9tico Pol\u00edtica<\/p>\n\n\n\n<p>Comunicaci\u00f3n y Lenguaje en Sociedad<\/p>\n\n\n\n<p>Ling\u00fcistica<\/p>\n\n\n\n<p>Introducci\u00f3n a LSA como L2<\/p>\n\n\n\n<p>LSA\/Espa\u00f1ol como L1<\/p>\n\n\n\n<p>Trabajo Corporal Expresivo<\/p>\n\n\n\n<p>Introducci\u00f3n a la Interpretaci\u00f3n y la Traducci\u00f3n<\/p>\n\n\n\n<p>Pr\u00e1ctica Profesionalizante 1<\/p>\n<\/div>\n\n\n\n<div class=\"wp-block-column is-layout-flow\">\n<h2 class=\"wp-block-heading\">Segundo a\u00f1o<\/h2>\n\n\n\n<p>Epistemolog\u00eda del Conocimiento Occidental<\/p>\n\n\n\n<p>Ingl\u00e9s<\/p>\n\n\n\n<p>LSA\/Espa\u00f1ol como L2 &#8211; 1<\/p>\n\n\n\n<p>An\u00e1lisis socioling\u00fc\u00edstico de la comunidad sorda<\/p>\n\n\n\n<p>Producci\u00f3n de materiales en contextos de  interpretaci\u00f3n y traducci\u00f3n<\/p>\n\n\n\n<p>Interpretaci\u00f3n y Traducci\u00f3n Narrativa<\/p>\n\n\n\n<p>Interpretaci\u00f3n y Traducci\u00f3n del Discurso Cient\u00edfico-Tecnol\u00f3gico<\/p>\n\n\n\n<p>Pr\u00e1cticas Profesionalizantes 2<\/p>\n<\/div>\n\n\n\n<div class=\"wp-block-column is-layout-flow\">\n<h2 class=\"wp-block-heading\">Tercer a\u00f1o<\/h2>\n\n\n\n<p>Aproximaci\u00f3n a otras LL SS<\/p>\n\n\n\n<p>LSA\/Espa\u00f1ol como L2 -2<\/p>\n\n\n\n<p>Interpretaci\u00f3n y Traducci\u00f3n del Discurso pol\u00edtico, econ\u00f3mico y jur\u00eddico<\/p>\n\n\n\n<p>Sordoceguera y estrategias comunicativas<\/p>\n\n\n\n<p>Dise\u00f1o de proyectos en contextos de interpretaci\u00f3n y traducci\u00f3n<\/p>\n\n\n\n<p>Pr\u00e1cticas Profesionalizantes <\/p>\n<\/div>\n<\/div>\n\n\n\n<h2 class=\"wp-block-heading\">Acceso al Plan de Estudios<\/h2>\n\n\n\n<p><a href=\"https:\/\/drive.google.com\/file\/d\/1QroWFMKoMSnGkTKIpUQ_TY0u9dcIq4tH\/view\" data-type=\"URL\" data-id=\"https:\/\/drive.google.com\/file\/d\/1QroWFMKoMSnGkTKIpUQ_TY0u9dcIq4tH\/view\" target=\"_blank\" rel=\"noreferrer noopener\">TS en Interpretaci\u00f3n y Traducci\u00f3n del LSA-Espa\u00f1a R. 4218\/23<\/a><\/p>\n","protected":false},"excerpt":{"rendered":"<p>Nueva carrera Duraci\u00f3n: 3 a\u00f1os Materias Primer a\u00f1o Derechos Humanos como Perspectiva \u00c9tico Pol\u00edtica Comunicaci\u00f3n y Lenguaje en Sociedad Ling\u00fcistica Introducci\u00f3n a LSA como L2 LSA\/Espa\u00f1ol como L1 Trabajo Corporal Expresivo Introducci\u00f3n a la Interpretaci\u00f3n y la Traducci\u00f3n Pr\u00e1ctica Profesionalizante 1 Segundo a\u00f1o Epistemolog\u00eda del Conocimiento Occidental Ingl\u00e9s LSA\/Espa\u00f1ol como L2 &#8211; 1 An\u00e1lisis socioling\u00fc\u00edstico &#8230; <a title=\"Tecnicatura Superior en Interpretaci\u00f3n y Traducci\u00f3n de Lengua de Se\u00f1as Argentina-Espa\u00f1a\" class=\"read-more\" href=\"https:\/\/isfd167-bue.infd.edu.ar\/sitio\/tecnicatura-superior-en-interpretacion-y-traduccion-de-lengua-de-senas-argentina-espana\/\" aria-label=\"More on Tecnicatura Superior en Interpretaci\u00f3n y Traducci\u00f3n de Lengua de Se\u00f1as Argentina-Espa\u00f1a\">[+]<\/a><\/p>\n","protected":false},"author":476,"featured_media":0,"parent":0,"menu_order":0,"comment_status":"closed","ping_status":"closed","template":"","meta":[],"acf":[],"_links":{"self":[{"href":"https:\/\/isfd167-bue.infd.edu.ar\/sitio\/wp-json\/wp\/v2\/pages\/1465"}],"collection":[{"href":"https:\/\/isfd167-bue.infd.edu.ar\/sitio\/wp-json\/wp\/v2\/pages"}],"about":[{"href":"https:\/\/isfd167-bue.infd.edu.ar\/sitio\/wp-json\/wp\/v2\/types\/page"}],"author":[{"embeddable":true,"href":"https:\/\/isfd167-bue.infd.edu.ar\/sitio\/wp-json\/wp\/v2\/users\/476"}],"replies":[{"embeddable":true,"href":"https:\/\/isfd167-bue.infd.edu.ar\/sitio\/wp-json\/wp\/v2\/comments?post=1465"}],"version-history":[{"count":3,"href":"https:\/\/isfd167-bue.infd.edu.ar\/sitio\/wp-json\/wp\/v2\/pages\/1465\/revisions"}],"predecessor-version":[{"id":1471,"href":"https:\/\/isfd167-bue.infd.edu.ar\/sitio\/wp-json\/wp\/v2\/pages\/1465\/revisions\/1471"}],"wp:attachment":[{"href":"https:\/\/isfd167-bue.infd.edu.ar\/sitio\/wp-json\/wp\/v2\/media?parent=1465"}],"curies":[{"name":"wp","href":"https:\/\/api.w.org\/{rel}","templated":true}]}}