{"id":1335,"date":"2023-03-14T08:04:46","date_gmt":"2023-03-14T11:04:46","guid":{"rendered":"https:\/\/isfd167-bue.infd.edu.ar\/sitio\/?page_id=1335"},"modified":"2024-12-27T11:36:58","modified_gmt":"2024-12-27T14:36:58","slug":"normativa-del-nivel","status":"publish","type":"page","link":"https:\/\/isfd167-bue.infd.edu.ar\/sitio\/normativa-del-nivel\/","title":{"rendered":"Normativa del nivel"},"content":{"rendered":"\n<p>Haciendo clic en el t\u00edtulo podr\u00e1s acceder a:<\/p>\n\n\n\n<p>NUEVO REGIMEN ACADEMICO MARCO<\/p>\n\n\n\n<div class=\"wp-block-file\"><object class=\"wp-block-file__embed\" data=\"https:\/\/isfd167-bue.infd.edu.ar\/sitio\/wp-content\/uploads\/2024\/12\/RESOC-4196-24-Regimen-Academico-Superior-1.pdf\" type=\"application\/pdf\" style=\"width:100%;height:600px\" aria-label=\"Incrustado de RESOC-4196-24-Regimen-Academico-Superior-1.\"><\/object><a id=\"wp-block-file--media-c0d1891c-b19a-46a6-8114-9e7df3cd971a\" href=\"https:\/\/isfd167-bue.infd.edu.ar\/sitio\/wp-content\/uploads\/2024\/12\/RESOC-4196-24-Regimen-Academico-Superior-1.pdf\">RESOC-4196-24-Regimen-Academico-Superior-1<\/a><a href=\"https:\/\/isfd167-bue.infd.edu.ar\/sitio\/wp-content\/uploads\/2024\/12\/RESOC-4196-24-Regimen-Academico-Superior-1.pdf\" class=\"wp-block-file__button wp-element-button\" download aria-describedby=\"wp-block-file--media-c0d1891c-b19a-46a6-8114-9e7df3cd971a\">Descarga<\/a><\/div>\n\n\n\n<div class=\"wp-block-file\"><object class=\"wp-block-file__embed\" data=\"https:\/\/isfd167-bue.infd.edu.ar\/sitio\/wp-content\/uploads\/2024\/12\/IF-2024-38567372-GDEBA-SDIFDIDGCYE.pdf\" type=\"application\/pdf\" style=\"width:100%;height:600px\" aria-label=\"Incrustado de IF-2024-38567372-GDEBA-SDIFDIDGCYE.\"><\/object><a id=\"wp-block-file--media-24535490-8f1d-45ea-a792-6b7decdbb6aa\" href=\"https:\/\/isfd167-bue.infd.edu.ar\/sitio\/wp-content\/uploads\/2024\/12\/IF-2024-38567372-GDEBA-SDIFDIDGCYE.pdf\">IF-2024-38567372-GDEBA-SDIFDIDGCYE<\/a><a href=\"https:\/\/isfd167-bue.infd.edu.ar\/sitio\/wp-content\/uploads\/2024\/12\/IF-2024-38567372-GDEBA-SDIFDIDGCYE.pdf\" class=\"wp-block-file__button wp-element-button\" download aria-describedby=\"wp-block-file--media-24535490-8f1d-45ea-a792-6b7decdbb6aa\">Descarga<\/a><\/div>\n\n\n\n<div class=\"wp-block-file\"><object class=\"wp-block-file__embed\" data=\"https:\/\/isfd167-bue.infd.edu.ar\/sitio\/wp-content\/uploads\/2024\/12\/IF-2024-37932840-GDEBA-DPESUPDGCYE.pdf\" type=\"application\/pdf\" style=\"width:100%;height:600px\" aria-label=\"Incrustado de IF-2024-37932840-GDEBA-DPESUPDGCYE.\"><\/object><a id=\"wp-block-file--media-c5cad414-0281-4318-8c92-71539ea79f63\" href=\"https:\/\/isfd167-bue.infd.edu.ar\/sitio\/wp-content\/uploads\/2024\/12\/IF-2024-37932840-GDEBA-DPESUPDGCYE.pdf\">IF-2024-37932840-GDEBA-DPESUPDGCYE<\/a><a href=\"https:\/\/isfd167-bue.infd.edu.ar\/sitio\/wp-content\/uploads\/2024\/12\/IF-2024-37932840-GDEBA-DPESUPDGCYE.pdf\" class=\"wp-block-file__button wp-element-button\" download aria-describedby=\"wp-block-file--media-c5cad414-0281-4318-8c92-71539ea79f63\">Descarga<\/a><\/div>\n\n\n\n<p><a href=\"https:\/\/drive.google.com\/file\/d\/1q23CmyyLmTtYvw6Lxs1ZwbEdRur4os6f\/view?usp=sharing\">Estatuto del Docente<\/a><\/p>\n\n\n\n<p><a href=\"https:\/\/drive.google.com\/file\/d\/1NhCo92XAfjJVBxZCh-QWRufyco_zaLcv\/view?usp=share_link\">Resoluci\u00f3n 5886 &#8211; Cobertura de c\u00e1tedra<\/a><\/p>\n\n\n\n<p><a href=\"https:\/\/drive.google.com\/file\/d\/1Nb05mJAbOKkZVyuSrm_ZOg-tnIeEbx1e\/view?usp=share_link\">Resoluci\u00f3n 3121 &#8211; Ayudante de c\u00e1tedra<\/a><\/p>\n\n\n\n<p><a href=\"https:\/\/drive.google.com\/file\/d\/1vR8NzJWH95G3BfaywmD4IiUsKoUJUvSH\/view?usp=share_link\">Disposici\u00f3n 30\/05 &#8211; Instructivo para la confecci\u00f3n de proyectos de c\u00e1tedra<\/a><\/p>\n\n\n\n<p><a href=\"https:\/\/drive.google.com\/file\/d\/1UlE1ejI5P3LBnY41pCoEwpRrgAvi8pKt\/view?usp=share_link\">Salida educativa<\/a><\/p>\n\n\n\n<p>R\u00e9gimen Acad\u00e9mico Institucional y Plan de Evaluaci\u00f3n Institucional del ISFD 167 -EN REVISI\u00d3N<\/p>\n\n\n\n<p><a href=\"https:\/\/docs.google.com\/document\/d\/1yn77FODw0crGOZeUW2tsHbeJXg9AI0Ma\/edit?usp=share_link&amp;ouid=111681808212633911190&amp;rtpof=true&amp;sd=true\">Gu\u00eda institucional para la elaboraci\u00f3n de proyectos de c\u00e1tedra<\/a><\/p>\n\n\n\n<p><\/p>\n","protected":false},"excerpt":{"rendered":"<p>Haciendo clic en el t\u00edtulo podr\u00e1s acceder a: NUEVO REGIMEN ACADEMICO MARCO Estatuto del Docente Resoluci\u00f3n 5886 &#8211; Cobertura de c\u00e1tedra Resoluci\u00f3n 3121 &#8211; Ayudante de c\u00e1tedra Disposici\u00f3n 30\/05 &#8211; Instructivo para la confecci\u00f3n de proyectos de c\u00e1tedra Salida educativa R\u00e9gimen Acad\u00e9mico Institucional y Plan de Evaluaci\u00f3n Institucional del ISFD 167 -EN REVISI\u00d3N Gu\u00eda institucional &#8230; <a title=\"Normativa del nivel\" class=\"read-more\" href=\"https:\/\/isfd167-bue.infd.edu.ar\/sitio\/normativa-del-nivel\/\" aria-label=\"More on Normativa del nivel\">[+]<\/a><\/p>\n","protected":false},"author":476,"featured_media":0,"parent":0,"menu_order":0,"comment_status":"closed","ping_status":"closed","template":"","meta":[],"acf":[],"_links":{"self":[{"href":"https:\/\/isfd167-bue.infd.edu.ar\/sitio\/wp-json\/wp\/v2\/pages\/1335"}],"collection":[{"href":"https:\/\/isfd167-bue.infd.edu.ar\/sitio\/wp-json\/wp\/v2\/pages"}],"about":[{"href":"https:\/\/isfd167-bue.infd.edu.ar\/sitio\/wp-json\/wp\/v2\/types\/page"}],"author":[{"embeddable":true,"href":"https:\/\/isfd167-bue.infd.edu.ar\/sitio\/wp-json\/wp\/v2\/users\/476"}],"replies":[{"embeddable":true,"href":"https:\/\/isfd167-bue.infd.edu.ar\/sitio\/wp-json\/wp\/v2\/comments?post=1335"}],"version-history":[{"count":4,"href":"https:\/\/isfd167-bue.infd.edu.ar\/sitio\/wp-json\/wp\/v2\/pages\/1335\/revisions"}],"predecessor-version":[{"id":1587,"href":"https:\/\/isfd167-bue.infd.edu.ar\/sitio\/wp-json\/wp\/v2\/pages\/1335\/revisions\/1587"}],"wp:attachment":[{"href":"https:\/\/isfd167-bue.infd.edu.ar\/sitio\/wp-json\/wp\/v2\/media?parent=1335"}],"curies":[{"name":"wp","href":"https:\/\/api.w.org\/{rel}","templated":true}]}}