{"id":1304,"date":"2023-03-10T13:30:58","date_gmt":"2023-03-10T16:30:58","guid":{"rendered":"https:\/\/isfd167-bue.infd.edu.ar\/sitio\/?page_id=1304"},"modified":"2023-03-29T12:03:31","modified_gmt":"2023-03-29T15:03:31","slug":"pestana-para-docentes","status":"publish","type":"page","link":"https:\/\/isfd167-bue.infd.edu.ar\/sitio\/pestana-para-docentes\/","title":{"rendered":"Pesta\u00f1a para Docentes"},"content":{"rendered":"\n<p>Este espacio incluye la normativa relacionada con el rol.<\/p>\n\n\n\n<p>Encontrar\u00e1s a continuaci\u00f3n los formularios para descargar de:<\/p>\n\n\n\n<p>Declaraci\u00f3n Jurada de Horarios<\/p>\n\n\n\n<p>Licencia por Causas Particulares  (Mayor Jerarqu\u00eda)<\/p>\n\n\n\n<p>Licencia 114 O4<\/p>\n\n\n\n<p>Licencia 114 O1<\/p>\n\n\n\n<p>Constancia de Asistencia a Mesa de Examen<\/p>\n\n\n\n<p>Constancia de Asistencia a Jornada Institucional<\/p>\n\n\n\n<p>Constancia de Asistencia a Reuni\u00f3n<\/p>\n\n\n\n<p>SET 4<\/p>\n\n\n\n<p>Formulario 354 Antig\u00fcedad<\/p>\n\n\n\n<p><\/p>\n\n\n\n<div class=\"wp-block-group is-layout-constrained\"><div class=\"wp-block-group__inner-container\">\n<div class=\"wp-block-columns is-layout-flex wp-container-2\">\n<div class=\"wp-block-column is-layout-flow\"><\/div>\n<\/div>\n\n\n\n<div class=\"wp-block-group is-layout-constrained\"><div class=\"wp-block-group__inner-container\">\n<div class=\"wp-block-file\"><object class=\"wp-block-file__embed\" data=\"https:\/\/isfd167-bue.infd.edu.ar\/sitio\/wp-content\/uploads\/2023\/03\/DDJJ.pdf\" type=\"application\/pdf\" style=\"width:100%;height:600px\" aria-label=\"Incrustado de DDJJ HORARIOS.\"><\/object><a id=\"wp-block-file--media-5f96cf9c-d39e-447f-8951-da0c403783c9\" href=\"https:\/\/isfd167-bue.infd.edu.ar\/sitio\/wp-content\/uploads\/2023\/03\/DDJJ.pdf\">DDJJ HORARIOS<\/a><a href=\"https:\/\/isfd167-bue.infd.edu.ar\/sitio\/wp-content\/uploads\/2023\/03\/DDJJ.pdf\" class=\"wp-block-file__button wp-element-button\" download aria-describedby=\"wp-block-file--media-5f96cf9c-d39e-447f-8951-da0c403783c9\"><\/a><\/div>\n\n\n\n<div class=\"wp-block-file\"><object class=\"wp-block-file__embed\" data=\"https:\/\/isfd167-bue.infd.edu.ar\/sitio\/wp-content\/uploads\/2023\/03\/PLANILLA-114-O.-4-LICENCIA-CAUSAS-PARTICULARES-.pdf\" type=\"application\/pdf\" style=\"width:100%;height:600px\" aria-label=\"Incrustado de PLANILLA-114-O.-4-LICENCIA-CAUSAS-PARTICULARES 1 por mes 6 en el a\u00f1o-.\"><\/object><a id=\"wp-block-file--media-dc1cbeef-c053-4707-bcad-bd63e164eab6\" href=\"https:\/\/isfd167-bue.infd.edu.ar\/sitio\/wp-content\/uploads\/2023\/03\/PLANILLA-114-O.-4-LICENCIA-CAUSAS-PARTICULARES-.pdf\">PLANILLA-114-O.-4-LICENCIA-CAUSAS-PARTICULARES 1 por mes 6 en el a\u00f1o-<\/a><a href=\"https:\/\/isfd167-bue.infd.edu.ar\/sitio\/wp-content\/uploads\/2023\/03\/PLANILLA-114-O.-4-LICENCIA-CAUSAS-PARTICULARES-.pdf\" class=\"wp-block-file__button wp-element-button\" download aria-describedby=\"wp-block-file--media-dc1cbeef-c053-4707-bcad-bd63e164eab6\">Descarga<\/a><\/div>\n\n\n\n<div class=\"wp-block-file\"><object class=\"wp-block-file__embed\" data=\"https:\/\/isfd167-bue.infd.edu.ar\/sitio\/wp-content\/uploads\/2023\/03\/Formulario_de_licencias_114-O1_y_115__.pdf\" type=\"application\/pdf\" style=\"width:100%;height:600px\" aria-label=\"Incrustado de Formulario_de_licencias_Mayor Jerarqu\u00eda__.\"><\/object><a id=\"wp-block-file--media-bdcb5ab8-1350-4bc7-ab5c-0b17269a6d4a\" href=\"https:\/\/isfd167-bue.infd.edu.ar\/sitio\/wp-content\/uploads\/2023\/03\/Formulario_de_licencias_114-O1_y_115__.pdf\">Formulario_de_licencias_Mayor Jerarqu\u00eda__<\/a><a href=\"https:\/\/isfd167-bue.infd.edu.ar\/sitio\/wp-content\/uploads\/2023\/03\/Formulario_de_licencias_114-O1_y_115__.pdf\" class=\"wp-block-file__button wp-element-button\" download aria-describedby=\"wp-block-file--media-bdcb5ab8-1350-4bc7-ab5c-0b17269a6d4a\">Descarga<\/a><\/div>\n\n\n\n<div class=\"wp-block-file\"><object class=\"wp-block-file__embed\" data=\"https:\/\/isfd167-bue.infd.edu.ar\/sitio\/wp-content\/uploads\/2023\/03\/Asistencia-Mesa-de-Examen.pdf\" type=\"application\/pdf\" style=\"width:100%;height:600px\" aria-label=\"Incrustado de Asistencia Mesa de Examen.\"><\/object><a id=\"wp-block-file--media-96c99e55-6c4e-4ff1-b27e-b2f366e44e80\" href=\"https:\/\/isfd167-bue.infd.edu.ar\/sitio\/wp-content\/uploads\/2023\/03\/Asistencia-Mesa-de-Examen.pdf\">Asistencia Mesa de Examen<\/a><a href=\"https:\/\/isfd167-bue.infd.edu.ar\/sitio\/wp-content\/uploads\/2023\/03\/Asistencia-Mesa-de-Examen.pdf\" class=\"wp-block-file__button wp-element-button\" download aria-describedby=\"wp-block-file--media-96c99e55-6c4e-4ff1-b27e-b2f366e44e80\">Descarga<\/a><\/div>\n\n\n\n<div class=\"wp-block-file\"><object class=\"wp-block-file__embed\" data=\"https:\/\/isfd167-bue.infd.edu.ar\/sitio\/wp-content\/uploads\/2023\/03\/Asistencia-Jornada-Institucional.pdf\" type=\"application\/pdf\" style=\"width:100%;height:600px\" aria-label=\"Incrustado de Asistencia Jornada Institucional.\"><\/object><a id=\"wp-block-file--media-237186b2-b4ab-4e83-b8a5-a662d5686384\" href=\"https:\/\/isfd167-bue.infd.edu.ar\/sitio\/wp-content\/uploads\/2023\/03\/Asistencia-Jornada-Institucional.pdf\">Asistencia Jornada Institucional<\/a><a href=\"https:\/\/isfd167-bue.infd.edu.ar\/sitio\/wp-content\/uploads\/2023\/03\/Asistencia-Jornada-Institucional.pdf\" class=\"wp-block-file__button wp-element-button\" download aria-describedby=\"wp-block-file--media-237186b2-b4ab-4e83-b8a5-a662d5686384\">Descarga<\/a><\/div>\n\n\n\n<div class=\"wp-block-file\"><object class=\"wp-block-file__embed\" data=\"https:\/\/isfd167-bue.infd.edu.ar\/sitio\/wp-content\/uploads\/2023\/03\/Constancia-de-Asistencia-reuniones.pdf\" type=\"application\/pdf\" style=\"width:100%;height:600px\" aria-label=\"Incrustado de Constancia de Asistencia (reuniones).\"><\/object><a id=\"wp-block-file--media-75bfbf01-023e-45b7-9488-3b7ebc0a64c2\" href=\"https:\/\/isfd167-bue.infd.edu.ar\/sitio\/wp-content\/uploads\/2023\/03\/Constancia-de-Asistencia-reuniones.pdf\">Constancia de Asistencia (reuniones)<\/a><a href=\"https:\/\/isfd167-bue.infd.edu.ar\/sitio\/wp-content\/uploads\/2023\/03\/Constancia-de-Asistencia-reuniones.pdf\" class=\"wp-block-file__button wp-element-button\" download aria-describedby=\"wp-block-file--media-75bfbf01-023e-45b7-9488-3b7ebc0a64c2\">Descarga<\/a><\/div>\n\n\n\n<div class=\"wp-block-file\"><object class=\"wp-block-file__embed\" data=\"https:\/\/isfd167-bue.infd.edu.ar\/sitio\/wp-content\/uploads\/2023\/03\/set-4.pdf\" type=\"application\/pdf\" style=\"width:100%;height:600px\" aria-label=\"Incrustado de set 4.\"><\/object><a id=\"wp-block-file--media-b4e462e1-3279-4098-b014-4c34b7e9fd03\" href=\"https:\/\/isfd167-bue.infd.edu.ar\/sitio\/wp-content\/uploads\/2023\/03\/set-4.pdf\">set 4<\/a><a href=\"https:\/\/isfd167-bue.infd.edu.ar\/sitio\/wp-content\/uploads\/2023\/03\/set-4.pdf\" class=\"wp-block-file__button wp-element-button\" download aria-describedby=\"wp-block-file--media-b4e462e1-3279-4098-b014-4c34b7e9fd03\">Descarga<\/a><\/div>\n<\/div><\/div>\n\n\n\n<div class=\"wp-block-file\"><object class=\"wp-block-file__embed\" data=\"https:\/\/isfd167-bue.infd.edu.ar\/sitio\/wp-content\/uploads\/2023\/03\/Formulario-354-Antiguedad-1.pdf\" type=\"application\/pdf\" style=\"width:100%;height:600px\" aria-label=\"Incrustado de Formulario-354-Antiguedad-1.\"><\/object><a id=\"wp-block-file--media-0a4fa9ed-345e-4c42-9dd3-97c6105ebebc\" href=\"https:\/\/isfd167-bue.infd.edu.ar\/sitio\/wp-content\/uploads\/2023\/03\/Formulario-354-Antiguedad-1.pdf\">Formulario-354-Antiguedad-1<\/a><a href=\"https:\/\/isfd167-bue.infd.edu.ar\/sitio\/wp-content\/uploads\/2023\/03\/Formulario-354-Antiguedad-1.pdf\" class=\"wp-block-file__button wp-element-button\" download aria-describedby=\"wp-block-file--media-0a4fa9ed-345e-4c42-9dd3-97c6105ebebc\">Descarga<\/a><\/div>\n<\/div><\/div>\n","protected":false},"excerpt":{"rendered":"<p>Este espacio incluye la normativa relacionada con el rol. Encontrar\u00e1s a continuaci\u00f3n los formularios para descargar de: Declaraci\u00f3n Jurada de Horarios Licencia por Causas Particulares (Mayor Jerarqu\u00eda) Licencia 114 O4 Licencia 114 O1 Constancia de Asistencia a Mesa de Examen Constancia de Asistencia a Jornada Institucional Constancia de Asistencia a Reuni\u00f3n SET 4 Formulario 354 &#8230; <a title=\"Pesta\u00f1a para Docentes\" class=\"read-more\" href=\"https:\/\/isfd167-bue.infd.edu.ar\/sitio\/pestana-para-docentes\/\" aria-label=\"More on Pesta\u00f1a para Docentes\">[+]<\/a><\/p>\n","protected":false},"author":476,"featured_media":0,"parent":0,"menu_order":0,"comment_status":"closed","ping_status":"closed","template":"","meta":[],"acf":[],"_links":{"self":[{"href":"https:\/\/isfd167-bue.infd.edu.ar\/sitio\/wp-json\/wp\/v2\/pages\/1304"}],"collection":[{"href":"https:\/\/isfd167-bue.infd.edu.ar\/sitio\/wp-json\/wp\/v2\/pages"}],"about":[{"href":"https:\/\/isfd167-bue.infd.edu.ar\/sitio\/wp-json\/wp\/v2\/types\/page"}],"author":[{"embeddable":true,"href":"https:\/\/isfd167-bue.infd.edu.ar\/sitio\/wp-json\/wp\/v2\/users\/476"}],"replies":[{"embeddable":true,"href":"https:\/\/isfd167-bue.infd.edu.ar\/sitio\/wp-json\/wp\/v2\/comments?post=1304"}],"version-history":[{"count":5,"href":"https:\/\/isfd167-bue.infd.edu.ar\/sitio\/wp-json\/wp\/v2\/pages\/1304\/revisions"}],"predecessor-version":[{"id":1379,"href":"https:\/\/isfd167-bue.infd.edu.ar\/sitio\/wp-json\/wp\/v2\/pages\/1304\/revisions\/1379"}],"wp:attachment":[{"href":"https:\/\/isfd167-bue.infd.edu.ar\/sitio\/wp-json\/wp\/v2\/media?parent=1304"}],"curies":[{"name":"wp","href":"https:\/\/api.w.org\/{rel}","templated":true}]}}